{"id":1168,"date":"2021-02-09T10:24:02","date_gmt":"2021-02-09T10:24:02","guid":{"rendered":"https:\/\/pegaso.webs.upv.es\/?page_id=1168"},"modified":"2021-02-15T12:17:19","modified_gmt":"2021-02-15T12:17:19","slug":"estetica-de-la-ingenieria","status":"publish","type":"page","link":"https:\/\/pegaso.webs.upv.es\/index.php\/estetica-de-la-ingenieria\/","title":{"rendered":"Est\u00e9tica de la Ingenier\u00eda"},"content":{"rendered":"\n<h6 class=\"has-black-color has-text-color wp-block-heading\"><strong>Est\u00e9tica de la Ingenier\u00eda<\/strong><\/h6>\n\n\n\n<p class=\"has-black-color has-text-color\" style=\"font-size:14px\"><strong>INVESTIGADOR:<\/strong><br><a href=\"http:\/\/www.upv.es\/pls\/oalu\/sic_person.info?PE=78mSD%2FYIsTiWSXxfJANXIKw8auolvgh2TgvE%2BXuvc2f0i7lVQyCjFXaFOtRc0p0z1NtAtVy5Wo0qEy%2FaL%2Fe%2F6c2xPuIhUu12GF1tj%2B%2BC44VSxIF3%2Fbxxnw%3D%3D&amp;P_IDIOMA=c&amp;P_VISTA=normal\" target=\"_blank\" rel=\"noreferrer noopener\">Juan Mar\u00eda Songel<\/a><\/p>\n\n\n\n<p><\/p>\n\n\n\n<div class=\"wp-block-columns is-layout-flex wp-container-core-columns-is-layout-28f84493 wp-block-columns-is-layout-flex\">\n<div class=\"wp-block-column is-layout-flow wp-block-column-is-layout-flow\">\n<p class=\"justificar has-black-color has-text-color\" style=\"font-size:14px\"><strong>OBJETO DE LA L\u00cdNEA DE INVESTIGACI\u00d3N:<\/strong><br>&#8211; M\u00e9todos y criterios para la valoraci\u00f3n est\u00e9tica de las obras de ingenier\u00eda civil.<br>&#8211; Identificaci\u00f3n de los par\u00e1metros y conceptos que caracterizan la forma de la obra de ingenier\u00eda civil e influyen en ella.<br><br>El concepto de est\u00e9tica de la ingenier\u00eda, que se aplica, no se refiere a elementos ornamentales o accesorios m\u00e1s o menos prescindibles, sino que surge de una visi\u00f3n unitaria y global de la obra de ingenier\u00eda, centrando la atenci\u00f3n en su forma, y considerando \u00e9sta como s\u00edntesis integradora de condicionantes muy dispares que dan raz\u00f3n de ella, y que pueden incidir en su concepci\u00f3n, aportar mayor riqueza de contenido y significado, y en definitiva ayudar a valorar la calidad est\u00e9tica de la obra: condicionantes funcionales, ambientales, estructurales, constructivos, econ\u00f3micos, geom\u00e9tricos, visuales, etc.<br><br>La obra de ingenier\u00eda, obra construida y de gran escala, siempre debe adoptar forma, tanto si se adorna como si no. Nada construido es informe. Por lo tanto, nunca puede quedar al margen de la est\u00e9tica, aun cuando se encuentre en los l\u00edmites de lo t\u00e9cnicamente posible. Las decisiones estrictamente t\u00e9cnicas, si implican un objeto construible, tambi\u00e9n deben adoptar forma. La t\u00e9cnica genera forma. Es necesario controlar y tomar conciencia del orden geom\u00e9trico y visual de la forma generada por la t\u00e9cnica. La est\u00e9tica, por lo tanto, siempre es pertinente a la obra de ingenier\u00eda. Si la est\u00e9tica de la ingenier\u00eda tiene como objeto la forma de la obra, y \u00e9sta est\u00e1 fuertemente condicionada por la t\u00e9cnica, entonces la t\u00e9cnica es tambi\u00e9n objeto de la est\u00e9tica.<\/p>\n<\/div>\n\n\n\n<div class=\"wp-block-column is-layout-flow wp-block-column-is-layout-flow\">\n<figure class=\"wp-block-gallery columns-2 is-cropped wp-block-gallery-1 is-layout-flex wp-block-gallery-is-layout-flex\"><ul class=\"blocks-gallery-grid\"><li class=\"blocks-gallery-item\"><figure><img loading=\"lazy\" decoding=\"async\" width=\"1024\" height=\"768\" src=\"https:\/\/pegaso.webs.upv.es\/wp-content\/uploads\/2021\/02\/IMG_1554-1024x768.jpg\" alt=\"\" data-id=\"1255\" data-full-url=\"https:\/\/pegaso.webs.upv.es\/wp-content\/uploads\/2021\/02\/IMG_1554-scaled.jpg\" data-link=\"https:\/\/pegaso.webs.upv.es\/index.php\/estetica-de-la-ingenieria\/img_1554\/\" class=\"wp-image-1255\" srcset=\"https:\/\/pegaso.webs.upv.es\/wp-content\/uploads\/2021\/02\/IMG_1554-1024x768.jpg 1024w, https:\/\/pegaso.webs.upv.es\/wp-content\/uploads\/2021\/02\/IMG_1554-300x225.jpg 300w, https:\/\/pegaso.webs.upv.es\/wp-content\/uploads\/2021\/02\/IMG_1554-768x576.jpg 768w, https:\/\/pegaso.webs.upv.es\/wp-content\/uploads\/2021\/02\/IMG_1554-1536x1152.jpg 1536w, https:\/\/pegaso.webs.upv.es\/wp-content\/uploads\/2021\/02\/IMG_1554-2048x1536.jpg 2048w\" sizes=\"auto, (max-width: 1024px) 100vw, 1024px\" \/><\/figure><\/li><li class=\"blocks-gallery-item\"><figure><img loading=\"lazy\" decoding=\"async\" width=\"1024\" height=\"768\" src=\"https:\/\/pegaso.webs.upv.es\/wp-content\/uploads\/2021\/02\/IMG_8320-1024x768.jpg\" alt=\"\" data-id=\"1254\" data-full-url=\"https:\/\/pegaso.webs.upv.es\/wp-content\/uploads\/2021\/02\/IMG_8320-scaled.jpg\" data-link=\"https:\/\/pegaso.webs.upv.es\/index.php\/estetica-de-la-ingenieria\/img_8320\/\" class=\"wp-image-1254\" srcset=\"https:\/\/pegaso.webs.upv.es\/wp-content\/uploads\/2021\/02\/IMG_8320-1024x768.jpg 1024w, https:\/\/pegaso.webs.upv.es\/wp-content\/uploads\/2021\/02\/IMG_8320-300x225.jpg 300w, https:\/\/pegaso.webs.upv.es\/wp-content\/uploads\/2021\/02\/IMG_8320-768x576.jpg 768w, https:\/\/pegaso.webs.upv.es\/wp-content\/uploads\/2021\/02\/IMG_8320-1536x1152.jpg 1536w, https:\/\/pegaso.webs.upv.es\/wp-content\/uploads\/2021\/02\/IMG_8320-2048x1536.jpg 2048w\" sizes=\"auto, (max-width: 1024px) 100vw, 1024px\" \/><\/figure><\/li><li class=\"blocks-gallery-item\"><figure><img loading=\"lazy\" decoding=\"async\" width=\"1024\" height=\"483\" src=\"https:\/\/pegaso.webs.upv.es\/wp-content\/uploads\/2021\/02\/IMG_1590-scaled-e1613384636471-1024x483.jpg\" alt=\"\" data-id=\"1253\" data-full-url=\"https:\/\/pegaso.webs.upv.es\/wp-content\/uploads\/2021\/02\/IMG_1590-scaled-e1613384636471.jpg\" data-link=\"https:\/\/pegaso.webs.upv.es\/index.php\/estetica-de-la-ingenieria\/img_1590\/\" class=\"wp-image-1253\" srcset=\"https:\/\/pegaso.webs.upv.es\/wp-content\/uploads\/2021\/02\/IMG_1590-scaled-e1613384636471-1024x483.jpg 1024w, https:\/\/pegaso.webs.upv.es\/wp-content\/uploads\/2021\/02\/IMG_1590-scaled-e1613384636471-300x141.jpg 300w, https:\/\/pegaso.webs.upv.es\/wp-content\/uploads\/2021\/02\/IMG_1590-scaled-e1613384636471-768x362.jpg 768w, https:\/\/pegaso.webs.upv.es\/wp-content\/uploads\/2021\/02\/IMG_1590-scaled-e1613384636471-1536x724.jpg 1536w, https:\/\/pegaso.webs.upv.es\/wp-content\/uploads\/2021\/02\/IMG_1590-scaled-e1613384636471-2048x965.jpg 2048w\" sizes=\"auto, (max-width: 1024px) 100vw, 1024px\" \/><\/figure><\/li><\/ul><\/figure>\n<\/div>\n<\/div>\n\n\n\n<p class=\"has-black-color has-text-color\" style=\"font-size:14px\"><strong>TEMAS DE INVESTIGACI\u00d3N:<\/strong>  <\/p>\n\n\n\n<p class=\"justificar has-black-color has-text-color\" style=\"font-size:14px\">* Aplicaci\u00f3n a la ingenier\u00eda civil de los conceptos y par\u00e1metros de la educaci\u00f3n visual y el an\u00e1lisis de la forma de otras disciplinas vinculadas al mundo de lo creativo y del dise\u00f1o.<br>* El lugar, su forma e influencia en la obra de ingenier\u00eda civil. Inserci\u00f3n y relaci\u00f3n de la obra con su entorno. Las escalas visuales y la medida del territorio. Paisaje e ingenier\u00eda civil.<br>* La integraci\u00f3n de usos y la generaci\u00f3n de tipolog\u00edas funcionales h\u00edbridas en la obra de ingenier\u00eda civil como enriquecimiento de su significado y de su calidad est\u00e9tica.<br>* La relaci\u00f3n entre la forma y lo resistente. La dial\u00e9ctica entre la l\u00f3gica geom\u00e9trica de la forma y la l\u00f3gica mec\u00e1nica de las fuerzas. La forma como condici\u00f3n a priori o como consecuencia: arbitrariedad y causalidad. La forma como aliada o como adversaria de lo resistente.<br>* Las fuerzas como generadores de formas. Procesos f\u00edsicos de autogeneraci\u00f3n de la forma: pel\u00edculas y burbujas de jab\u00f3n, espumas, amontonamientos de gr\u00e1nulos, membranas de fluidos viscosos, estructuras ramificadas, pliegues, redes colgadas.<br>* Estructuras ligeras y estructuras de forma activa. Estructuras de membranas traccionadas.<br>* B\u00f3vedas, estructuras y formas funiculares. C\u00e1scaras de celos\u00eda.<br>* El orden geom\u00e9trico y visual de la forma en la obra de ingenier\u00eda civil. Elementos de la percepci\u00f3n visual de la forma: luz y sombra, figura y fondo, textura y color, reposo y movimiento. Elementos, relaciones y principios ordenadores de la estructura interna de la forma: obras lineales, superficiales y volum\u00e9tricas, proporci\u00f3n, escala, ejes, jerarqu\u00edas, ritmos, m\u00f3dulos.<\/p>\n\n\n\n<hr class=\"wp-block-separator\"\/>\n\n\n\n<figure class=\"wp-block-gallery columns-3 is-cropped wp-block-gallery-2 is-layout-flex wp-block-gallery-is-layout-flex\"><ul class=\"blocks-gallery-grid\"><li class=\"blocks-gallery-item\"><figure><img loading=\"lazy\" decoding=\"async\" width=\"1024\" height=\"419\" src=\"https:\/\/pegaso.webs.upv.es\/wp-content\/uploads\/2021\/02\/cascara-de-celosia-de-cana-1-1024x419.jpg\" alt=\"\" data-id=\"1262\" data-full-url=\"https:\/\/pegaso.webs.upv.es\/wp-content\/uploads\/2021\/02\/cascara-de-celosia-de-cana-1.jpg\" data-link=\"https:\/\/pegaso.webs.upv.es\/index.php\/estetica-de-la-ingenieria\/cascara-de-celosia-de-cana-1\/\" class=\"wp-image-1262\" srcset=\"https:\/\/pegaso.webs.upv.es\/wp-content\/uploads\/2021\/02\/cascara-de-celosia-de-cana-1-1024x419.jpg 1024w, https:\/\/pegaso.webs.upv.es\/wp-content\/uploads\/2021\/02\/cascara-de-celosia-de-cana-1-300x123.jpg 300w, https:\/\/pegaso.webs.upv.es\/wp-content\/uploads\/2021\/02\/cascara-de-celosia-de-cana-1-768x315.jpg 768w, https:\/\/pegaso.webs.upv.es\/wp-content\/uploads\/2021\/02\/cascara-de-celosia-de-cana-1-1536x629.jpg 1536w, https:\/\/pegaso.webs.upv.es\/wp-content\/uploads\/2021\/02\/cascara-de-celosia-de-cana-1-2048x839.jpg 2048w\" sizes=\"auto, (max-width: 1024px) 100vw, 1024px\" \/><\/figure><\/li><li class=\"blocks-gallery-item\"><figure><img loading=\"lazy\" decoding=\"async\" width=\"1024\" height=\"768\" src=\"https:\/\/pegaso.webs.upv.es\/wp-content\/uploads\/2021\/02\/IMG_1521-1024x768.jpg\" alt=\"\" data-id=\"1263\" data-full-url=\"https:\/\/pegaso.webs.upv.es\/wp-content\/uploads\/2021\/02\/IMG_1521-scaled.jpg\" data-link=\"https:\/\/pegaso.webs.upv.es\/index.php\/estetica-de-la-ingenieria\/img_1521\/\" class=\"wp-image-1263\" srcset=\"https:\/\/pegaso.webs.upv.es\/wp-content\/uploads\/2021\/02\/IMG_1521-1024x768.jpg 1024w, https:\/\/pegaso.webs.upv.es\/wp-content\/uploads\/2021\/02\/IMG_1521-300x225.jpg 300w, https:\/\/pegaso.webs.upv.es\/wp-content\/uploads\/2021\/02\/IMG_1521-768x576.jpg 768w, https:\/\/pegaso.webs.upv.es\/wp-content\/uploads\/2021\/02\/IMG_1521-1536x1152.jpg 1536w, https:\/\/pegaso.webs.upv.es\/wp-content\/uploads\/2021\/02\/IMG_1521-2048x1536.jpg 2048w\" sizes=\"auto, (max-width: 1024px) 100vw, 1024px\" \/><\/figure><\/li><li class=\"blocks-gallery-item\"><figure><img loading=\"lazy\" decoding=\"async\" width=\"1024\" height=\"768\" src=\"https:\/\/pegaso.webs.upv.es\/wp-content\/uploads\/2021\/02\/IMG_8514-1024x768.jpg\" alt=\"\" data-id=\"1264\" data-full-url=\"https:\/\/pegaso.webs.upv.es\/wp-content\/uploads\/2021\/02\/IMG_8514-scaled.jpg\" data-link=\"https:\/\/pegaso.webs.upv.es\/index.php\/estetica-de-la-ingenieria\/img_8514\/\" class=\"wp-image-1264\" srcset=\"https:\/\/pegaso.webs.upv.es\/wp-content\/uploads\/2021\/02\/IMG_8514-1024x768.jpg 1024w, https:\/\/pegaso.webs.upv.es\/wp-content\/uploads\/2021\/02\/IMG_8514-300x225.jpg 300w, https:\/\/pegaso.webs.upv.es\/wp-content\/uploads\/2021\/02\/IMG_8514-768x576.jpg 768w, https:\/\/pegaso.webs.upv.es\/wp-content\/uploads\/2021\/02\/IMG_8514-1536x1152.jpg 1536w, https:\/\/pegaso.webs.upv.es\/wp-content\/uploads\/2021\/02\/IMG_8514-2048x1536.jpg 2048w\" sizes=\"auto, (max-width: 1024px) 100vw, 1024px\" \/><\/figure><\/li><\/ul><\/figure>\n\n\n\n<p class=\"justificar has-black-color has-text-color\" style=\"font-size:14px\"><br><strong>Enlaces de inter\u00e9s<\/strong><\/p>\n\n\n\n<p class=\"justificar has-black-color has-text-color\" style=\"font-size:14px\">Arnau Amo, Joaqu\u00edn; Songel Gonz\u00e1lez, Juan Mar\u00eda: \u201c<em>La Est\u00e9tica en la Ingenier\u00eda: \u00bfmateria pertinente o impertinente?<\/em>\u201d, en ROP n\u00ba 3510. Madrid, mayo 2010. pp. 31-44.&nbsp;<a href=\"http:\/\/ropdigital.ciccp.es\/pdf\/publico\/2010\/2010_mayo_3510_03.pdf\" target=\"_blank\" rel=\"noreferrer noopener\">http:\/\/ropdigital.ciccp.es\/pdf\/publico\/2010\/2010_mayo_3510_03.pdf<\/a><br><br>Songel, J. M.: \u201c<em>Form and structure in engineering and visual arts<\/em>\u201d, in Cruz, Paulo J. S. (ed.):&nbsp;<em>Structures and Architecture<\/em>. CRC Press\/Balkema. Leiden, 2010.&nbsp;&nbsp;pp. 651-658.&nbsp;<a href=\"https:\/\/riunet.upv.es\/bitstream\/handle\/10251\/8835\/Full%20paper%20J.M.%20Songel.pdf?sequence=1&amp;isAllowed=y\" target=\"_blank\" rel=\"noreferrer noopener\">https:\/\/riunet.upv.es\/bitstream\/handle\/10251\/8835\/Full%20paper%20J.M.%20Songel.pdf?sequence=1&amp;isAllowed=y<\/a><br><br>Otto, Frei; Songel, J. M.:&nbsp;<em>Frei Otto\u202f: conversaci\u00f3n con Juan Mar\u00eda Songel<\/em>. Gustavo Gili. Barcelona, 2008.&nbsp;&nbsp;<a href=\"https:\/\/ggili.com\/frei-otto-libro.html\" target=\"_blank\" rel=\"noreferrer noopener\">https:\/\/ggili.com\/frei-otto-libro.html<\/a><br><br>Otto, Frei; Songel, J. M.:&nbsp;<em>A conversation with Frei Otto<\/em>. Princeton Architectural Press. New York, 2010.&nbsp;<a href=\"https:\/\/issuu.com\/papress\/docs\/frei-otto\" target=\"_blank\" rel=\"noreferrer noopener\">https:\/\/issuu.com\/papress\/docs\/frei-otto<\/a><\/p>\n\n\n\n<hr class=\"wp-block-separator\"\/>\n\n\n\n<p style=\"font-size:14px\"><a href=\"https:\/\/pegaso.webs.upv.es\/index.php\/estructuras-e-ingenieria\/\">Volver<\/a><\/p>\n","protected":false},"excerpt":{"rendered":"<p>Est\u00e9tica de la Ingenier\u00eda INVESTIGADOR:Juan Mar\u00eda Songel OBJETO DE LA L\u00cdNEA DE INVESTIGACI\u00d3N:&#8211; M\u00e9todos y criterios para la valoraci\u00f3n est\u00e9tica de las obras de ingenier\u00eda civil.&#8211; Identificaci\u00f3n de los par\u00e1metros y conceptos que caracterizan la forma de la obra de<\/p>\n","protected":false},"author":1,"featured_media":0,"parent":0,"menu_order":0,"comment_status":"closed","ping_status":"closed","template":"","meta":{"footnotes":""},"class_list":["post-1168","page","type-page","status-publish","hentry"],"yoast_head":"<!-- This site is optimized with the Yoast SEO plugin v27.3 - https:\/\/yoast.com\/product\/yoast-seo-wordpress\/ -->\n<title>Est\u00e9tica de la Ingenier\u00eda - Pegaso<\/title>\n<meta name=\"robots\" content=\"index, follow, max-snippet:-1, max-image-preview:large, max-video-preview:-1\" \/>\n<link rel=\"canonical\" href=\"https:\/\/pegaso.webs.upv.es\/index.php\/estetica-de-la-ingenieria\/\" \/>\n<meta property=\"og:locale\" content=\"es_ES\" \/>\n<meta property=\"og:type\" content=\"article\" \/>\n<meta property=\"og:title\" content=\"Est\u00e9tica de la Ingenier\u00eda - Pegaso\" \/>\n<meta property=\"og:description\" content=\"Est\u00e9tica de la Ingenier\u00eda INVESTIGADOR:Juan Mar\u00eda Songel OBJETO DE LA L\u00cdNEA DE INVESTIGACI\u00d3N:&#8211; M\u00e9todos y criterios para la valoraci\u00f3n est\u00e9tica de las obras de ingenier\u00eda civil.&#8211; Identificaci\u00f3n de los par\u00e1metros y conceptos que caracterizan la forma de la obra de\" \/>\n<meta property=\"og:url\" content=\"https:\/\/pegaso.webs.upv.es\/index.php\/estetica-de-la-ingenieria\/\" \/>\n<meta property=\"og:site_name\" content=\"Pegaso\" \/>\n<meta property=\"article:modified_time\" content=\"2021-02-15T12:17:19+00:00\" \/>\n<meta property=\"og:image\" content=\"https:\/\/pegaso.webs.upv.es\/wp-content\/uploads\/2021\/02\/IMG_1554-1024x768.jpg\" \/>\n<meta name=\"twitter:card\" content=\"summary_large_image\" \/>\n<meta name=\"twitter:label1\" content=\"Tiempo de lectura\" \/>\n\t<meta name=\"twitter:data1\" content=\"4 minutos\" \/>\n<script type=\"application\/ld+json\" class=\"yoast-schema-graph\">{\"@context\":\"https:\\\/\\\/schema.org\",\"@graph\":[{\"@type\":\"WebPage\",\"@id\":\"https:\\\/\\\/pegaso.webs.upv.es\\\/index.php\\\/estetica-de-la-ingenieria\\\/\",\"url\":\"https:\\\/\\\/pegaso.webs.upv.es\\\/index.php\\\/estetica-de-la-ingenieria\\\/\",\"name\":\"Est\u00e9tica de la Ingenier\u00eda - Pegaso\",\"isPartOf\":{\"@id\":\"https:\\\/\\\/pegaso.webs.upv.es\\\/#website\"},\"primaryImageOfPage\":{\"@id\":\"https:\\\/\\\/pegaso.webs.upv.es\\\/index.php\\\/estetica-de-la-ingenieria\\\/#primaryimage\"},\"image\":{\"@id\":\"https:\\\/\\\/pegaso.webs.upv.es\\\/index.php\\\/estetica-de-la-ingenieria\\\/#primaryimage\"},\"thumbnailUrl\":\"https:\\\/\\\/pegaso.webs.upv.es\\\/wp-content\\\/uploads\\\/2021\\\/02\\\/IMG_1554-1024x768.jpg\",\"datePublished\":\"2021-02-09T10:24:02+00:00\",\"dateModified\":\"2021-02-15T12:17:19+00:00\",\"breadcrumb\":{\"@id\":\"https:\\\/\\\/pegaso.webs.upv.es\\\/index.php\\\/estetica-de-la-ingenieria\\\/#breadcrumb\"},\"inLanguage\":\"es\",\"potentialAction\":[{\"@type\":\"ReadAction\",\"target\":[\"https:\\\/\\\/pegaso.webs.upv.es\\\/index.php\\\/estetica-de-la-ingenieria\\\/\"]}]},{\"@type\":\"ImageObject\",\"inLanguage\":\"es\",\"@id\":\"https:\\\/\\\/pegaso.webs.upv.es\\\/index.php\\\/estetica-de-la-ingenieria\\\/#primaryimage\",\"url\":\"https:\\\/\\\/pegaso.webs.upv.es\\\/wp-content\\\/uploads\\\/2021\\\/02\\\/IMG_1554-scaled.jpg\",\"contentUrl\":\"https:\\\/\\\/pegaso.webs.upv.es\\\/wp-content\\\/uploads\\\/2021\\\/02\\\/IMG_1554-scaled.jpg\",\"width\":2560,\"height\":1920},{\"@type\":\"BreadcrumbList\",\"@id\":\"https:\\\/\\\/pegaso.webs.upv.es\\\/index.php\\\/estetica-de-la-ingenieria\\\/#breadcrumb\",\"itemListElement\":[{\"@type\":\"ListItem\",\"position\":1,\"name\":\"Home\",\"item\":\"https:\\\/\\\/pegaso.webs.upv.es\\\/\"},{\"@type\":\"ListItem\",\"position\":2,\"name\":\"Est\u00e9tica de la Ingenier\u00eda\"}]},{\"@type\":\"WebSite\",\"@id\":\"https:\\\/\\\/pegaso.webs.upv.es\\\/#website\",\"url\":\"https:\\\/\\\/pegaso.webs.upv.es\\\/\",\"name\":\"Pegaso\",\"description\":\"\",\"publisher\":{\"@id\":\"https:\\\/\\\/pegaso.webs.upv.es\\\/#organization\"},\"potentialAction\":[{\"@type\":\"SearchAction\",\"target\":{\"@type\":\"EntryPoint\",\"urlTemplate\":\"https:\\\/\\\/pegaso.webs.upv.es\\\/?s={search_term_string}\"},\"query-input\":{\"@type\":\"PropertyValueSpecification\",\"valueRequired\":true,\"valueName\":\"search_term_string\"}}],\"inLanguage\":\"es\"},{\"@type\":\"Organization\",\"@id\":\"https:\\\/\\\/pegaso.webs.upv.es\\\/#organization\",\"name\":\"pegaso\",\"url\":\"https:\\\/\\\/pegaso.webs.upv.es\\\/\",\"logo\":{\"@type\":\"ImageObject\",\"inLanguage\":\"es\",\"@id\":\"https:\\\/\\\/pegaso.webs.upv.es\\\/#\\\/schema\\\/logo\\\/image\\\/\",\"url\":\"https:\\\/\\\/pegaso.webs.upv.es\\\/wp-content\\\/uploads\\\/2020\\\/06\\\/cropped-logos-cabecera-scaled-1.jpg\",\"contentUrl\":\"https:\\\/\\\/pegaso.webs.upv.es\\\/wp-content\\\/uploads\\\/2020\\\/06\\\/cropped-logos-cabecera-scaled-1.jpg\",\"width\":2560,\"height\":223,\"caption\":\"pegaso\"},\"image\":{\"@id\":\"https:\\\/\\\/pegaso.webs.upv.es\\\/#\\\/schema\\\/logo\\\/image\\\/\"}}]}<\/script>\n<!-- \/ Yoast SEO plugin. -->","yoast_head_json":{"title":"Est\u00e9tica de la Ingenier\u00eda - Pegaso","robots":{"index":"index","follow":"follow","max-snippet":"max-snippet:-1","max-image-preview":"max-image-preview:large","max-video-preview":"max-video-preview:-1"},"canonical":"https:\/\/pegaso.webs.upv.es\/index.php\/estetica-de-la-ingenieria\/","og_locale":"es_ES","og_type":"article","og_title":"Est\u00e9tica de la Ingenier\u00eda - Pegaso","og_description":"Est\u00e9tica de la Ingenier\u00eda INVESTIGADOR:Juan Mar\u00eda Songel OBJETO DE LA L\u00cdNEA DE INVESTIGACI\u00d3N:&#8211; M\u00e9todos y criterios para la valoraci\u00f3n est\u00e9tica de las obras de ingenier\u00eda civil.&#8211; Identificaci\u00f3n de los par\u00e1metros y conceptos que caracterizan la forma de la obra de","og_url":"https:\/\/pegaso.webs.upv.es\/index.php\/estetica-de-la-ingenieria\/","og_site_name":"Pegaso","article_modified_time":"2021-02-15T12:17:19+00:00","og_image":[{"url":"https:\/\/pegaso.webs.upv.es\/wp-content\/uploads\/2021\/02\/IMG_1554-1024x768.jpg","type":"","width":"","height":""}],"twitter_card":"summary_large_image","twitter_misc":{"Tiempo de lectura":"4 minutos"},"schema":{"@context":"https:\/\/schema.org","@graph":[{"@type":"WebPage","@id":"https:\/\/pegaso.webs.upv.es\/index.php\/estetica-de-la-ingenieria\/","url":"https:\/\/pegaso.webs.upv.es\/index.php\/estetica-de-la-ingenieria\/","name":"Est\u00e9tica de la Ingenier\u00eda - Pegaso","isPartOf":{"@id":"https:\/\/pegaso.webs.upv.es\/#website"},"primaryImageOfPage":{"@id":"https:\/\/pegaso.webs.upv.es\/index.php\/estetica-de-la-ingenieria\/#primaryimage"},"image":{"@id":"https:\/\/pegaso.webs.upv.es\/index.php\/estetica-de-la-ingenieria\/#primaryimage"},"thumbnailUrl":"https:\/\/pegaso.webs.upv.es\/wp-content\/uploads\/2021\/02\/IMG_1554-1024x768.jpg","datePublished":"2021-02-09T10:24:02+00:00","dateModified":"2021-02-15T12:17:19+00:00","breadcrumb":{"@id":"https:\/\/pegaso.webs.upv.es\/index.php\/estetica-de-la-ingenieria\/#breadcrumb"},"inLanguage":"es","potentialAction":[{"@type":"ReadAction","target":["https:\/\/pegaso.webs.upv.es\/index.php\/estetica-de-la-ingenieria\/"]}]},{"@type":"ImageObject","inLanguage":"es","@id":"https:\/\/pegaso.webs.upv.es\/index.php\/estetica-de-la-ingenieria\/#primaryimage","url":"https:\/\/pegaso.webs.upv.es\/wp-content\/uploads\/2021\/02\/IMG_1554-scaled.jpg","contentUrl":"https:\/\/pegaso.webs.upv.es\/wp-content\/uploads\/2021\/02\/IMG_1554-scaled.jpg","width":2560,"height":1920},{"@type":"BreadcrumbList","@id":"https:\/\/pegaso.webs.upv.es\/index.php\/estetica-de-la-ingenieria\/#breadcrumb","itemListElement":[{"@type":"ListItem","position":1,"name":"Home","item":"https:\/\/pegaso.webs.upv.es\/"},{"@type":"ListItem","position":2,"name":"Est\u00e9tica de la Ingenier\u00eda"}]},{"@type":"WebSite","@id":"https:\/\/pegaso.webs.upv.es\/#website","url":"https:\/\/pegaso.webs.upv.es\/","name":"Pegaso","description":"","publisher":{"@id":"https:\/\/pegaso.webs.upv.es\/#organization"},"potentialAction":[{"@type":"SearchAction","target":{"@type":"EntryPoint","urlTemplate":"https:\/\/pegaso.webs.upv.es\/?s={search_term_string}"},"query-input":{"@type":"PropertyValueSpecification","valueRequired":true,"valueName":"search_term_string"}}],"inLanguage":"es"},{"@type":"Organization","@id":"https:\/\/pegaso.webs.upv.es\/#organization","name":"pegaso","url":"https:\/\/pegaso.webs.upv.es\/","logo":{"@type":"ImageObject","inLanguage":"es","@id":"https:\/\/pegaso.webs.upv.es\/#\/schema\/logo\/image\/","url":"https:\/\/pegaso.webs.upv.es\/wp-content\/uploads\/2020\/06\/cropped-logos-cabecera-scaled-1.jpg","contentUrl":"https:\/\/pegaso.webs.upv.es\/wp-content\/uploads\/2020\/06\/cropped-logos-cabecera-scaled-1.jpg","width":2560,"height":223,"caption":"pegaso"},"image":{"@id":"https:\/\/pegaso.webs.upv.es\/#\/schema\/logo\/image\/"}}]}},"jetpack_sharing_enabled":true,"_links":{"self":[{"href":"https:\/\/pegaso.webs.upv.es\/index.php\/wp-json\/wp\/v2\/pages\/1168","targetHints":{"allow":["GET"]}}],"collection":[{"href":"https:\/\/pegaso.webs.upv.es\/index.php\/wp-json\/wp\/v2\/pages"}],"about":[{"href":"https:\/\/pegaso.webs.upv.es\/index.php\/wp-json\/wp\/v2\/types\/page"}],"author":[{"embeddable":true,"href":"https:\/\/pegaso.webs.upv.es\/index.php\/wp-json\/wp\/v2\/users\/1"}],"replies":[{"embeddable":true,"href":"https:\/\/pegaso.webs.upv.es\/index.php\/wp-json\/wp\/v2\/comments?post=1168"}],"version-history":[{"count":25,"href":"https:\/\/pegaso.webs.upv.es\/index.php\/wp-json\/wp\/v2\/pages\/1168\/revisions"}],"predecessor-version":[{"id":1427,"href":"https:\/\/pegaso.webs.upv.es\/index.php\/wp-json\/wp\/v2\/pages\/1168\/revisions\/1427"}],"wp:attachment":[{"href":"https:\/\/pegaso.webs.upv.es\/index.php\/wp-json\/wp\/v2\/media?parent=1168"}],"curies":[{"name":"wp","href":"https:\/\/api.w.org\/{rel}","templated":true}]}}