{"id":1318,"date":"2021-02-12T08:47:24","date_gmt":"2021-02-12T08:47:24","guid":{"rendered":"https:\/\/pegaso.webs.upv.es\/?page_id=1318"},"modified":"2021-02-12T09:21:32","modified_gmt":"2021-02-12T09:21:32","slug":"estructuras-historicas","status":"publish","type":"page","link":"https:\/\/pegaso.webs.upv.es\/index.php\/estructuras-historicas\/","title":{"rendered":"Estructuras Hist\u00f3ricas"},"content":{"rendered":"\n<h6 class=\"wp-block-heading\"><strong>Estructuras Hist\u00f3ricas<\/strong><\/h6>\n\n\n\n<div class=\"wp-block-columns is-layout-flex wp-container-core-columns-is-layout-28f84493 wp-block-columns-is-layout-flex\">\n<div class=\"wp-block-column is-layout-flow wp-block-column-is-layout-flow\">\n<p class=\"justificar has-black-color has-text-color\" style=\"font-size:14px\">El an\u00e1lisis de las estructuras existentes presenta caracter\u00edsticas espec\u00edficas y diferentes al de las de nueva ejecuci\u00f3n. La aplicaci\u00f3n concreta de los valores normativos, la obtenci\u00f3n de los valores de c\u00e1lculo de los materiales, la discretizaci\u00f3n de los elementos estructurales o el modelado de las uniones de los mismos son algunos de los problemas que se presentan al abordar esta disciplina. En especial, gran parte de las estructuras hist\u00f3ricas est\u00e1n realizadas con materiales p\u00e9treos, que escapan del an\u00e1lisis convencional lineal y el\u00e1stico aplicado con \u00e9xito a las estructuras de hormig\u00f3n o acero. <br><br>La aproximaci\u00f3n a las mismas se puede abordar desde niveles m\u00e1s sencillos, pero altamente clarificadores, como el an\u00e1lisis l\u00edmite, hasta los mas complejos como los m\u00e9todos de an\u00e1lisis que incluyan la no linealidad y en el que se modela el comportamiento unidirecci\u00f3nal del material con modelo de da\u00f1o. Este \u00faltimo reproduce con gran fidelidad la respuesta de estas estructuras y es capaz de predecir la resitencia \u00faltima de la estructura o el comportamiento frente a sismo, a partir de un acelerograma.<br><br>Entre las capacidades del equipo se encuentra el an\u00e1lisis estructural con m\u00e9todos que incluyen la no linealidad geom\u00e9trica y mec\u00e1nica, el modelo de da\u00f1o, la obtenci\u00f3n de la carga \u00faltima de colapso, o el estudio de la respuesta frente a sismo mediante t\u00e9cnicas de Pushover o an\u00e1lisis no lineal din\u00e1mico en el tiempo.<\/p>\n<\/div>\n\n\n\n<div class=\"wp-block-column is-layout-flow wp-block-column-is-layout-flow\">\n<figure class=\"wp-block-gallery columns-2 is-cropped wp-block-gallery-1 is-layout-flex wp-block-gallery-is-layout-flex\"><ul class=\"blocks-gallery-grid\"><li class=\"blocks-gallery-item\"><figure><img loading=\"lazy\" decoding=\"async\" width=\"657\" height=\"1024\" src=\"https:\/\/pegaso.webs.upv.es\/wp-content\/uploads\/2021\/02\/IMG_4083_Murta-scaled-e1613120899469-657x1024.jpg\" alt=\"\" data-id=\"1329\" data-full-url=\"https:\/\/pegaso.webs.upv.es\/wp-content\/uploads\/2021\/02\/IMG_4083_Murta-scaled-e1613120899469.jpg\" data-link=\"https:\/\/pegaso.webs.upv.es\/index.php\/estructuras-historicas\/img_4083_murta\/\" class=\"wp-image-1329\" srcset=\"https:\/\/pegaso.webs.upv.es\/wp-content\/uploads\/2021\/02\/IMG_4083_Murta-scaled-e1613120899469-657x1024.jpg 657w, https:\/\/pegaso.webs.upv.es\/wp-content\/uploads\/2021\/02\/IMG_4083_Murta-scaled-e1613120899469-193x300.jpg 193w, https:\/\/pegaso.webs.upv.es\/wp-content\/uploads\/2021\/02\/IMG_4083_Murta-scaled-e1613120899469-768x1197.jpg 768w, https:\/\/pegaso.webs.upv.es\/wp-content\/uploads\/2021\/02\/IMG_4083_Murta-scaled-e1613120899469-986x1536.jpg 986w, https:\/\/pegaso.webs.upv.es\/wp-content\/uploads\/2021\/02\/IMG_4083_Murta-scaled-e1613120899469-1314x2048.jpg 1314w, https:\/\/pegaso.webs.upv.es\/wp-content\/uploads\/2021\/02\/IMG_4083_Murta-scaled-e1613120899469.jpg 1643w\" sizes=\"auto, (max-width: 657px) 100vw, 657px\" \/><\/figure><\/li><li class=\"blocks-gallery-item\"><figure><img loading=\"lazy\" decoding=\"async\" width=\"683\" height=\"1024\" src=\"https:\/\/pegaso.webs.upv.es\/wp-content\/uploads\/2021\/02\/IMG_8517-683x1024.jpg\" alt=\"\" data-id=\"1331\" data-full-url=\"https:\/\/pegaso.webs.upv.es\/wp-content\/uploads\/2021\/02\/IMG_8517-scaled.jpg\" data-link=\"https:\/\/pegaso.webs.upv.es\/index.php\/estructuras-historicas\/img_8517\/\" class=\"wp-image-1331\" srcset=\"https:\/\/pegaso.webs.upv.es\/wp-content\/uploads\/2021\/02\/IMG_8517-683x1024.jpg 683w, https:\/\/pegaso.webs.upv.es\/wp-content\/uploads\/2021\/02\/IMG_8517-200x300.jpg 200w, https:\/\/pegaso.webs.upv.es\/wp-content\/uploads\/2021\/02\/IMG_8517-768x1152.jpg 768w, https:\/\/pegaso.webs.upv.es\/wp-content\/uploads\/2021\/02\/IMG_8517-1024x1536.jpg 1024w, https:\/\/pegaso.webs.upv.es\/wp-content\/uploads\/2021\/02\/IMG_8517-1365x2048.jpg 1365w, https:\/\/pegaso.webs.upv.es\/wp-content\/uploads\/2021\/02\/IMG_8517-scaled.jpg 1707w\" sizes=\"auto, (max-width: 683px) 100vw, 683px\" \/><\/figure><\/li><\/ul><\/figure>\n<\/div>\n<\/div>\n\n\n\n<figure class=\"wp-block-gallery columns-2 is-cropped wp-block-gallery-2 is-layout-flex wp-block-gallery-is-layout-flex\"><ul class=\"blocks-gallery-grid\"><li class=\"blocks-gallery-item\"><figure><img loading=\"lazy\" decoding=\"async\" width=\"1024\" height=\"622\" src=\"https:\/\/pegaso.webs.upv.es\/wp-content\/uploads\/2021\/02\/01-1-1024x622.jpg\" alt=\"\" data-id=\"1338\" data-full-url=\"https:\/\/pegaso.webs.upv.es\/wp-content\/uploads\/2021\/02\/01-1.jpg\" data-link=\"https:\/\/pegaso.webs.upv.es\/index.php\/estructuras-historicas\/01-1\/\" class=\"wp-image-1338\" srcset=\"https:\/\/pegaso.webs.upv.es\/wp-content\/uploads\/2021\/02\/01-1-1024x622.jpg 1024w, https:\/\/pegaso.webs.upv.es\/wp-content\/uploads\/2021\/02\/01-1-300x182.jpg 300w, https:\/\/pegaso.webs.upv.es\/wp-content\/uploads\/2021\/02\/01-1-768x466.jpg 768w, https:\/\/pegaso.webs.upv.es\/wp-content\/uploads\/2021\/02\/01-1.jpg 1513w\" sizes=\"auto, (max-width: 1024px) 100vw, 1024px\" \/><\/figure><\/li><li class=\"blocks-gallery-item\"><figure><img loading=\"lazy\" decoding=\"async\" width=\"701\" height=\"590\" src=\"https:\/\/pegaso.webs.upv.es\/wp-content\/uploads\/2021\/02\/Imagen4-1-e1613120819977.jpg\" alt=\"\" data-id=\"1339\" data-full-url=\"https:\/\/pegaso.webs.upv.es\/wp-content\/uploads\/2021\/02\/Imagen4-1-e1613120819977.jpg\" data-link=\"https:\/\/pegaso.webs.upv.es\/index.php\/estructuras-historicas\/imagen4-1\/\" class=\"wp-image-1339\" srcset=\"https:\/\/pegaso.webs.upv.es\/wp-content\/uploads\/2021\/02\/Imagen4-1-e1613120819977.jpg 701w, https:\/\/pegaso.webs.upv.es\/wp-content\/uploads\/2021\/02\/Imagen4-1-e1613120819977-300x252.jpg 300w\" sizes=\"auto, (max-width: 701px) 100vw, 701px\" \/><\/figure><\/li><\/ul><\/figure>\n\n\n\n<figure class=\"wp-block-gallery columns-3 is-cropped wp-block-gallery-3 is-layout-flex wp-block-gallery-is-layout-flex\"><ul class=\"blocks-gallery-grid\"><li class=\"blocks-gallery-item\"><figure><img loading=\"lazy\" decoding=\"async\" width=\"990\" height=\"1024\" src=\"https:\/\/pegaso.webs.upv.es\/wp-content\/uploads\/2021\/02\/Imagen2-1-990x1024.jpg\" alt=\"\" data-id=\"1343\" data-link=\"https:\/\/pegaso.webs.upv.es\/index.php\/estructuras-historicas\/imagen2-1\/\" class=\"wp-image-1343\" srcset=\"https:\/\/pegaso.webs.upv.es\/wp-content\/uploads\/2021\/02\/Imagen2-1-990x1024.jpg 990w, https:\/\/pegaso.webs.upv.es\/wp-content\/uploads\/2021\/02\/Imagen2-1-290x300.jpg 290w, https:\/\/pegaso.webs.upv.es\/wp-content\/uploads\/2021\/02\/Imagen2-1-768x795.jpg 768w, https:\/\/pegaso.webs.upv.es\/wp-content\/uploads\/2021\/02\/Imagen2-1-1484x1536.jpg 1484w, https:\/\/pegaso.webs.upv.es\/wp-content\/uploads\/2021\/02\/Imagen2-1.jpg 1922w\" sizes=\"auto, (max-width: 990px) 100vw, 990px\" \/><\/figure><\/li><li class=\"blocks-gallery-item\"><figure><img loading=\"lazy\" decoding=\"async\" width=\"970\" height=\"1024\" src=\"https:\/\/pegaso.webs.upv.es\/wp-content\/uploads\/2021\/02\/Imagen8-970x1024.jpg\" alt=\"\" data-id=\"1344\" data-link=\"https:\/\/pegaso.webs.upv.es\/index.php\/estructuras-historicas\/imagen8\/\" class=\"wp-image-1344\" srcset=\"https:\/\/pegaso.webs.upv.es\/wp-content\/uploads\/2021\/02\/Imagen8-970x1024.jpg 970w, https:\/\/pegaso.webs.upv.es\/wp-content\/uploads\/2021\/02\/Imagen8-284x300.jpg 284w, https:\/\/pegaso.webs.upv.es\/wp-content\/uploads\/2021\/02\/Imagen8-768x811.jpg 768w, https:\/\/pegaso.webs.upv.es\/wp-content\/uploads\/2021\/02\/Imagen8-1455x1536.jpg 1455w, https:\/\/pegaso.webs.upv.es\/wp-content\/uploads\/2021\/02\/Imagen8.jpg 1912w\" sizes=\"auto, (max-width: 970px) 100vw, 970px\" \/><\/figure><\/li><li class=\"blocks-gallery-item\"><figure><img loading=\"lazy\" decoding=\"async\" width=\"1024\" height=\"1021\" src=\"https:\/\/pegaso.webs.upv.es\/wp-content\/uploads\/2021\/02\/Captura-de-pantalla-2021-02-12-a-las-10.05.58-1024x1021.png\" alt=\"\" data-id=\"1349\" data-full-url=\"https:\/\/pegaso.webs.upv.es\/wp-content\/uploads\/2021\/02\/Captura-de-pantalla-2021-02-12-a-las-10.05.58.png\" data-link=\"https:\/\/pegaso.webs.upv.es\/index.php\/estructuras-historicas\/captura-de-pantalla-2021-02-12-a-las-10-05-58\/\" class=\"wp-image-1349\" srcset=\"https:\/\/pegaso.webs.upv.es\/wp-content\/uploads\/2021\/02\/Captura-de-pantalla-2021-02-12-a-las-10.05.58-1024x1021.png 1024w, https:\/\/pegaso.webs.upv.es\/wp-content\/uploads\/2021\/02\/Captura-de-pantalla-2021-02-12-a-las-10.05.58-300x300.png 300w, https:\/\/pegaso.webs.upv.es\/wp-content\/uploads\/2021\/02\/Captura-de-pantalla-2021-02-12-a-las-10.05.58-150x150.png 150w, https:\/\/pegaso.webs.upv.es\/wp-content\/uploads\/2021\/02\/Captura-de-pantalla-2021-02-12-a-las-10.05.58-768x766.png 768w, https:\/\/pegaso.webs.upv.es\/wp-content\/uploads\/2021\/02\/Captura-de-pantalla-2021-02-12-a-las-10.05.58-270x270.png 270w, https:\/\/pegaso.webs.upv.es\/wp-content\/uploads\/2021\/02\/Captura-de-pantalla-2021-02-12-a-las-10.05.58-230x230.png 230w, https:\/\/pegaso.webs.upv.es\/wp-content\/uploads\/2021\/02\/Captura-de-pantalla-2021-02-12-a-las-10.05.58.png 1404w\" sizes=\"auto, (max-width: 1024px) 100vw, 1024px\" \/><\/figure><\/li><\/ul><\/figure>\n\n\n\n<hr class=\"wp-block-separator\"\/>\n\n\n\n<p style=\"font-size:14px\"><a href=\"https:\/\/pegaso.webs.upv.es\/index.php\/estructuras-e-ingenieria\/\">Volver<\/a><\/p>\n","protected":false},"excerpt":{"rendered":"<p>Estructuras Hist\u00f3ricas El an\u00e1lisis de las estructuras existentes presenta caracter\u00edsticas espec\u00edficas y diferentes al de las de nueva ejecuci\u00f3n. La aplicaci\u00f3n concreta de los valores normativos, la obtenci\u00f3n de los valores de c\u00e1lculo de los materiales, la discretizaci\u00f3n de los<\/p>\n","protected":false},"author":1,"featured_media":0,"parent":0,"menu_order":0,"comment_status":"closed","ping_status":"closed","template":"","meta":{"footnotes":""},"class_list":["post-1318","page","type-page","status-publish","hentry"],"yoast_head":"<!-- This site is optimized with the Yoast SEO plugin v27.3 - https:\/\/yoast.com\/product\/yoast-seo-wordpress\/ -->\n<title>Estructuras Hist\u00f3ricas - Pegaso<\/title>\n<meta name=\"robots\" content=\"index, follow, max-snippet:-1, max-image-preview:large, max-video-preview:-1\" \/>\n<link rel=\"canonical\" href=\"https:\/\/pegaso.webs.upv.es\/index.php\/estructuras-historicas\/\" \/>\n<meta property=\"og:locale\" content=\"es_ES\" \/>\n<meta property=\"og:type\" content=\"article\" \/>\n<meta property=\"og:title\" content=\"Estructuras Hist\u00f3ricas - Pegaso\" \/>\n<meta property=\"og:description\" content=\"Estructuras Hist\u00f3ricas El an\u00e1lisis de las estructuras existentes presenta caracter\u00edsticas espec\u00edficas y diferentes al de las de nueva ejecuci\u00f3n. La aplicaci\u00f3n concreta de los valores normativos, la obtenci\u00f3n de los valores de c\u00e1lculo de los materiales, la discretizaci\u00f3n de los\" \/>\n<meta property=\"og:url\" content=\"https:\/\/pegaso.webs.upv.es\/index.php\/estructuras-historicas\/\" \/>\n<meta property=\"og:site_name\" content=\"Pegaso\" \/>\n<meta property=\"article:modified_time\" content=\"2021-02-12T09:21:32+00:00\" \/>\n<meta property=\"og:image\" content=\"https:\/\/pegaso.webs.upv.es\/wp-content\/uploads\/2021\/02\/IMG_4083_Murta-scaled-e1613120899469-657x1024.jpg\" \/>\n<meta name=\"twitter:card\" content=\"summary_large_image\" \/>\n<meta name=\"twitter:label1\" content=\"Tiempo de lectura\" \/>\n\t<meta name=\"twitter:data1\" content=\"3 minutos\" \/>\n<script type=\"application\/ld+json\" class=\"yoast-schema-graph\">{\"@context\":\"https:\\\/\\\/schema.org\",\"@graph\":[{\"@type\":\"WebPage\",\"@id\":\"https:\\\/\\\/pegaso.webs.upv.es\\\/index.php\\\/estructuras-historicas\\\/\",\"url\":\"https:\\\/\\\/pegaso.webs.upv.es\\\/index.php\\\/estructuras-historicas\\\/\",\"name\":\"Estructuras Hist\u00f3ricas - Pegaso\",\"isPartOf\":{\"@id\":\"https:\\\/\\\/pegaso.webs.upv.es\\\/#website\"},\"primaryImageOfPage\":{\"@id\":\"https:\\\/\\\/pegaso.webs.upv.es\\\/index.php\\\/estructuras-historicas\\\/#primaryimage\"},\"image\":{\"@id\":\"https:\\\/\\\/pegaso.webs.upv.es\\\/index.php\\\/estructuras-historicas\\\/#primaryimage\"},\"thumbnailUrl\":\"https:\\\/\\\/pegaso.webs.upv.es\\\/wp-content\\\/uploads\\\/2021\\\/02\\\/IMG_4083_Murta-scaled-e1613120899469-657x1024.jpg\",\"datePublished\":\"2021-02-12T08:47:24+00:00\",\"dateModified\":\"2021-02-12T09:21:32+00:00\",\"breadcrumb\":{\"@id\":\"https:\\\/\\\/pegaso.webs.upv.es\\\/index.php\\\/estructuras-historicas\\\/#breadcrumb\"},\"inLanguage\":\"es\",\"potentialAction\":[{\"@type\":\"ReadAction\",\"target\":[\"https:\\\/\\\/pegaso.webs.upv.es\\\/index.php\\\/estructuras-historicas\\\/\"]}]},{\"@type\":\"ImageObject\",\"inLanguage\":\"es\",\"@id\":\"https:\\\/\\\/pegaso.webs.upv.es\\\/index.php\\\/estructuras-historicas\\\/#primaryimage\",\"url\":\"https:\\\/\\\/pegaso.webs.upv.es\\\/wp-content\\\/uploads\\\/2021\\\/02\\\/IMG_4083_Murta-scaled-e1613120899469.jpg\",\"contentUrl\":\"https:\\\/\\\/pegaso.webs.upv.es\\\/wp-content\\\/uploads\\\/2021\\\/02\\\/IMG_4083_Murta-scaled-e1613120899469.jpg\",\"width\":1643,\"height\":2560},{\"@type\":\"BreadcrumbList\",\"@id\":\"https:\\\/\\\/pegaso.webs.upv.es\\\/index.php\\\/estructuras-historicas\\\/#breadcrumb\",\"itemListElement\":[{\"@type\":\"ListItem\",\"position\":1,\"name\":\"Home\",\"item\":\"https:\\\/\\\/pegaso.webs.upv.es\\\/\"},{\"@type\":\"ListItem\",\"position\":2,\"name\":\"Estructuras Hist\u00f3ricas\"}]},{\"@type\":\"WebSite\",\"@id\":\"https:\\\/\\\/pegaso.webs.upv.es\\\/#website\",\"url\":\"https:\\\/\\\/pegaso.webs.upv.es\\\/\",\"name\":\"Pegaso\",\"description\":\"\",\"publisher\":{\"@id\":\"https:\\\/\\\/pegaso.webs.upv.es\\\/#organization\"},\"potentialAction\":[{\"@type\":\"SearchAction\",\"target\":{\"@type\":\"EntryPoint\",\"urlTemplate\":\"https:\\\/\\\/pegaso.webs.upv.es\\\/?s={search_term_string}\"},\"query-input\":{\"@type\":\"PropertyValueSpecification\",\"valueRequired\":true,\"valueName\":\"search_term_string\"}}],\"inLanguage\":\"es\"},{\"@type\":\"Organization\",\"@id\":\"https:\\\/\\\/pegaso.webs.upv.es\\\/#organization\",\"name\":\"pegaso\",\"url\":\"https:\\\/\\\/pegaso.webs.upv.es\\\/\",\"logo\":{\"@type\":\"ImageObject\",\"inLanguage\":\"es\",\"@id\":\"https:\\\/\\\/pegaso.webs.upv.es\\\/#\\\/schema\\\/logo\\\/image\\\/\",\"url\":\"https:\\\/\\\/pegaso.webs.upv.es\\\/wp-content\\\/uploads\\\/2020\\\/06\\\/cropped-logos-cabecera-scaled-1.jpg\",\"contentUrl\":\"https:\\\/\\\/pegaso.webs.upv.es\\\/wp-content\\\/uploads\\\/2020\\\/06\\\/cropped-logos-cabecera-scaled-1.jpg\",\"width\":2560,\"height\":223,\"caption\":\"pegaso\"},\"image\":{\"@id\":\"https:\\\/\\\/pegaso.webs.upv.es\\\/#\\\/schema\\\/logo\\\/image\\\/\"}}]}<\/script>\n<!-- \/ Yoast SEO plugin. -->","yoast_head_json":{"title":"Estructuras Hist\u00f3ricas - Pegaso","robots":{"index":"index","follow":"follow","max-snippet":"max-snippet:-1","max-image-preview":"max-image-preview:large","max-video-preview":"max-video-preview:-1"},"canonical":"https:\/\/pegaso.webs.upv.es\/index.php\/estructuras-historicas\/","og_locale":"es_ES","og_type":"article","og_title":"Estructuras Hist\u00f3ricas - Pegaso","og_description":"Estructuras Hist\u00f3ricas El an\u00e1lisis de las estructuras existentes presenta caracter\u00edsticas espec\u00edficas y diferentes al de las de nueva ejecuci\u00f3n. La aplicaci\u00f3n concreta de los valores normativos, la obtenci\u00f3n de los valores de c\u00e1lculo de los materiales, la discretizaci\u00f3n de los","og_url":"https:\/\/pegaso.webs.upv.es\/index.php\/estructuras-historicas\/","og_site_name":"Pegaso","article_modified_time":"2021-02-12T09:21:32+00:00","og_image":[{"url":"https:\/\/pegaso.webs.upv.es\/wp-content\/uploads\/2021\/02\/IMG_4083_Murta-scaled-e1613120899469-657x1024.jpg","type":"","width":"","height":""}],"twitter_card":"summary_large_image","twitter_misc":{"Tiempo de lectura":"3 minutos"},"schema":{"@context":"https:\/\/schema.org","@graph":[{"@type":"WebPage","@id":"https:\/\/pegaso.webs.upv.es\/index.php\/estructuras-historicas\/","url":"https:\/\/pegaso.webs.upv.es\/index.php\/estructuras-historicas\/","name":"Estructuras Hist\u00f3ricas - Pegaso","isPartOf":{"@id":"https:\/\/pegaso.webs.upv.es\/#website"},"primaryImageOfPage":{"@id":"https:\/\/pegaso.webs.upv.es\/index.php\/estructuras-historicas\/#primaryimage"},"image":{"@id":"https:\/\/pegaso.webs.upv.es\/index.php\/estructuras-historicas\/#primaryimage"},"thumbnailUrl":"https:\/\/pegaso.webs.upv.es\/wp-content\/uploads\/2021\/02\/IMG_4083_Murta-scaled-e1613120899469-657x1024.jpg","datePublished":"2021-02-12T08:47:24+00:00","dateModified":"2021-02-12T09:21:32+00:00","breadcrumb":{"@id":"https:\/\/pegaso.webs.upv.es\/index.php\/estructuras-historicas\/#breadcrumb"},"inLanguage":"es","potentialAction":[{"@type":"ReadAction","target":["https:\/\/pegaso.webs.upv.es\/index.php\/estructuras-historicas\/"]}]},{"@type":"ImageObject","inLanguage":"es","@id":"https:\/\/pegaso.webs.upv.es\/index.php\/estructuras-historicas\/#primaryimage","url":"https:\/\/pegaso.webs.upv.es\/wp-content\/uploads\/2021\/02\/IMG_4083_Murta-scaled-e1613120899469.jpg","contentUrl":"https:\/\/pegaso.webs.upv.es\/wp-content\/uploads\/2021\/02\/IMG_4083_Murta-scaled-e1613120899469.jpg","width":1643,"height":2560},{"@type":"BreadcrumbList","@id":"https:\/\/pegaso.webs.upv.es\/index.php\/estructuras-historicas\/#breadcrumb","itemListElement":[{"@type":"ListItem","position":1,"name":"Home","item":"https:\/\/pegaso.webs.upv.es\/"},{"@type":"ListItem","position":2,"name":"Estructuras Hist\u00f3ricas"}]},{"@type":"WebSite","@id":"https:\/\/pegaso.webs.upv.es\/#website","url":"https:\/\/pegaso.webs.upv.es\/","name":"Pegaso","description":"","publisher":{"@id":"https:\/\/pegaso.webs.upv.es\/#organization"},"potentialAction":[{"@type":"SearchAction","target":{"@type":"EntryPoint","urlTemplate":"https:\/\/pegaso.webs.upv.es\/?s={search_term_string}"},"query-input":{"@type":"PropertyValueSpecification","valueRequired":true,"valueName":"search_term_string"}}],"inLanguage":"es"},{"@type":"Organization","@id":"https:\/\/pegaso.webs.upv.es\/#organization","name":"pegaso","url":"https:\/\/pegaso.webs.upv.es\/","logo":{"@type":"ImageObject","inLanguage":"es","@id":"https:\/\/pegaso.webs.upv.es\/#\/schema\/logo\/image\/","url":"https:\/\/pegaso.webs.upv.es\/wp-content\/uploads\/2020\/06\/cropped-logos-cabecera-scaled-1.jpg","contentUrl":"https:\/\/pegaso.webs.upv.es\/wp-content\/uploads\/2020\/06\/cropped-logos-cabecera-scaled-1.jpg","width":2560,"height":223,"caption":"pegaso"},"image":{"@id":"https:\/\/pegaso.webs.upv.es\/#\/schema\/logo\/image\/"}}]}},"jetpack_sharing_enabled":true,"_links":{"self":[{"href":"https:\/\/pegaso.webs.upv.es\/index.php\/wp-json\/wp\/v2\/pages\/1318","targetHints":{"allow":["GET"]}}],"collection":[{"href":"https:\/\/pegaso.webs.upv.es\/index.php\/wp-json\/wp\/v2\/pages"}],"about":[{"href":"https:\/\/pegaso.webs.upv.es\/index.php\/wp-json\/wp\/v2\/types\/page"}],"author":[{"embeddable":true,"href":"https:\/\/pegaso.webs.upv.es\/index.php\/wp-json\/wp\/v2\/users\/1"}],"replies":[{"embeddable":true,"href":"https:\/\/pegaso.webs.upv.es\/index.php\/wp-json\/wp\/v2\/comments?post=1318"}],"version-history":[{"count":14,"href":"https:\/\/pegaso.webs.upv.es\/index.php\/wp-json\/wp\/v2\/pages\/1318\/revisions"}],"predecessor-version":[{"id":1366,"href":"https:\/\/pegaso.webs.upv.es\/index.php\/wp-json\/wp\/v2\/pages\/1318\/revisions\/1366"}],"wp:attachment":[{"href":"https:\/\/pegaso.webs.upv.es\/index.php\/wp-json\/wp\/v2\/media?parent=1318"}],"curies":[{"name":"wp","href":"https:\/\/api.w.org\/{rel}","templated":true}]}}