{"id":1439,"date":"2021-02-18T11:58:37","date_gmt":"2021-02-18T11:58:37","guid":{"rendered":"https:\/\/pegaso.webs.upv.es\/?page_id=1439"},"modified":"2021-02-19T11:27:26","modified_gmt":"2021-02-19T11:27:26","slug":"restauracion-y-puesta-en-valor-del-patrimonio-arquitectonico","status":"publish","type":"page","link":"https:\/\/pegaso.webs.upv.es\/index.php\/restauracion-y-puesta-en-valor-del-patrimonio-arquitectonico\/","title":{"rendered":"RESTAURACI\u00d3N Y PUESTA EN VALOR DEL PATRIMONIO ARQUITECT\u00d3NICO"},"content":{"rendered":"\n<h6 class=\"has-black-color has-text-color wp-block-heading\">RESTAURACI\u00d3N Y PUESTA EN VALOR DEL PATRIMONIO ARQUITECT\u00d3NICO<\/h6>\n\n\n\n<p class=\"has-black-color has-text-color\" style=\"font-size:14px\"><strong>INVESTIGADOR<\/strong>:<br>Francisco Hidalgo Delgado. Profesor Titular de Universidad UPV<\/p>\n\n\n\n<p class=\"has-black-color has-text-color\" style=\"font-size:14px\"><strong>PLANTEAMIENTO<\/strong>:<br>El inicio de cualquier actuaci\u00f3n en el patrimonio requiere, en mi opini\u00f3n, de dos aspectos fundamentales, el primero, la sensibilidad y el respeto al objeto patrimonial motivo de estudio y, el segundo, disponer de conocimientos espec\u00edficos de partida y aspirar a su profundizaci\u00f3n en el an\u00e1lisis-estudio del objeto de investigaci\u00f3n.<br>Las intervenciones en el patrimonio no solo deben aspirar a su conservaci\u00f3n f\u00edsica para su preservaci\u00f3n, sino tambi\u00e9n, a su difusi\u00f3n y puesta en valor para la mejor trasmisi\u00f3n de conocimiento e interacci\u00f3n con la ciudadan\u00eda.<\/p>\n\n\n\n<p class=\"has-black-color has-text-color\" style=\"font-size:14px\"><strong>INVESTIGACI\u00d3N-INTERVENCIONES:\u00ad<\/strong><br>Rehabilitaci\u00f3n y puesta en valor del Mercado Central de Valencia<\/p>\n\n\n\n<div class=\"wp-block-image\"><figure class=\"aligncenter size-large is-resized\"><img loading=\"lazy\" decoding=\"async\" src=\"https:\/\/pegaso.webs.upv.es\/wp-content\/uploads\/2021\/02\/Rehabilitacion-Mercado-Central-de-Valencia.-Vista-general-de-la-cubierta-1024x374.png\" alt=\"\" class=\"wp-image-1442\" width=\"1131\" height=\"413\"\/><\/figure><\/div>\n\n\n\n<div class=\"wp-block-columns is-layout-flex wp-container-core-columns-is-layout-28f84493 wp-block-columns-is-layout-flex\">\n<div class=\"wp-block-column is-layout-flow wp-block-column-is-layout-flow\">\n<div class=\"wp-block-image\"><figure class=\"aligncenter size-large\"><img loading=\"lazy\" decoding=\"async\" width=\"1024\" height=\"723\" src=\"https:\/\/pegaso.webs.upv.es\/wp-content\/uploads\/2021\/02\/Recortable-Maqueta-1024x723.jpg\" alt=\"\" class=\"wp-image-1476\" srcset=\"https:\/\/pegaso.webs.upv.es\/wp-content\/uploads\/2021\/02\/Recortable-Maqueta-1024x723.jpg 1024w, https:\/\/pegaso.webs.upv.es\/wp-content\/uploads\/2021\/02\/Recortable-Maqueta-300x212.jpg 300w, https:\/\/pegaso.webs.upv.es\/wp-content\/uploads\/2021\/02\/Recortable-Maqueta-768x542.jpg 768w, https:\/\/pegaso.webs.upv.es\/wp-content\/uploads\/2021\/02\/Recortable-Maqueta-1536x1085.jpg 1536w, https:\/\/pegaso.webs.upv.es\/wp-content\/uploads\/2021\/02\/Recortable-Maqueta-2048x1447.jpg 2048w\" sizes=\"auto, (max-width: 1024px) 100vw, 1024px\" \/><\/figure><\/div>\n<\/div>\n<\/div>\n\n\n\n<div class=\"wp-block-columns is-layout-flex wp-container-core-columns-is-layout-28f84493 wp-block-columns-is-layout-flex\">\n<div class=\"wp-block-column is-layout-flow wp-block-column-is-layout-flow\">\n<div class=\"wp-block-image\"><figure class=\"aligncenter size-large is-resized\"><img loading=\"lazy\" decoding=\"async\" src=\"https:\/\/pegaso.webs.upv.es\/wp-content\/uploads\/2021\/02\/Cartela-exposicion-1024x996.jpg\" alt=\"\" class=\"wp-image-1480\" width=\"306\" height=\"297\"\/><\/figure><\/div>\n<\/div>\n\n\n\n<div class=\"wp-block-column is-layout-flow wp-block-column-is-layout-flow\">\n<figure class=\"wp-block-image size-large\"><img loading=\"lazy\" decoding=\"async\" width=\"1024\" height=\"768\" src=\"https:\/\/pegaso.webs.upv.es\/wp-content\/uploads\/2021\/02\/Tunel-acceso-01-1024x768.jpg\" alt=\"\" class=\"wp-image-1481\" srcset=\"https:\/\/pegaso.webs.upv.es\/wp-content\/uploads\/2021\/02\/Tunel-acceso-01-1024x768.jpg 1024w, https:\/\/pegaso.webs.upv.es\/wp-content\/uploads\/2021\/02\/Tunel-acceso-01-300x225.jpg 300w, https:\/\/pegaso.webs.upv.es\/wp-content\/uploads\/2021\/02\/Tunel-acceso-01-768x576.jpg 768w, https:\/\/pegaso.webs.upv.es\/wp-content\/uploads\/2021\/02\/Tunel-acceso-01-1536x1152.jpg 1536w, https:\/\/pegaso.webs.upv.es\/wp-content\/uploads\/2021\/02\/Tunel-acceso-01-2048x1536.jpg 2048w\" sizes=\"auto, (max-width: 1024px) 100vw, 1024px\" \/><\/figure>\n<\/div>\n\n\n\n<div class=\"wp-block-column is-layout-flow wp-block-column-is-layout-flow\">\n<figure class=\"wp-block-image size-large\"><img loading=\"lazy\" decoding=\"async\" width=\"1024\" height=\"768\" src=\"https:\/\/pegaso.webs.upv.es\/wp-content\/uploads\/2021\/02\/Tunel-acceso-02-1024x768.jpg\" alt=\"\" class=\"wp-image-1482\" srcset=\"https:\/\/pegaso.webs.upv.es\/wp-content\/uploads\/2021\/02\/Tunel-acceso-02-1024x768.jpg 1024w, https:\/\/pegaso.webs.upv.es\/wp-content\/uploads\/2021\/02\/Tunel-acceso-02-300x225.jpg 300w, https:\/\/pegaso.webs.upv.es\/wp-content\/uploads\/2021\/02\/Tunel-acceso-02-768x576.jpg 768w, https:\/\/pegaso.webs.upv.es\/wp-content\/uploads\/2021\/02\/Tunel-acceso-02-1536x1152.jpg 1536w, https:\/\/pegaso.webs.upv.es\/wp-content\/uploads\/2021\/02\/Tunel-acceso-02-2048x1536.jpg 2048w\" sizes=\"auto, (max-width: 1024px) 100vw, 1024px\" \/><\/figure>\n<\/div>\n<\/div>\n\n\n\n<p class=\"has-black-color has-text-color\" style=\"font-size:14px\">Estudio y catalogaci\u00f3n de la antigua aceitera de Marxalenes<\/p>\n\n\n\n<div class=\"wp-block-columns is-layout-flex wp-container-core-columns-is-layout-28f84493 wp-block-columns-is-layout-flex\">\n<div class=\"wp-block-column is-layout-flow wp-block-column-is-layout-flow\" style=\"flex-basis:42%\">\n<figure class=\"wp-block-image size-large\"><img loading=\"lazy\" decoding=\"async\" width=\"1024\" height=\"724\" src=\"https:\/\/pegaso.webs.upv.es\/wp-content\/uploads\/2021\/02\/FICHAS-MAQUINAS-1024x724.jpg\" alt=\"\" class=\"wp-image-1506\"\/><\/figure>\n<\/div>\n\n\n\n<div class=\"wp-block-column is-layout-flow wp-block-column-is-layout-flow\">\n<figure class=\"wp-block-image size-large\"><img loading=\"lazy\" decoding=\"async\" width=\"1024\" height=\"553\" src=\"https:\/\/pegaso.webs.upv.es\/wp-content\/uploads\/2021\/02\/Captura-de-pantalla-2021-02-18-a-las-13.12.51-1024x553.png\" alt=\"\" class=\"wp-image-1463\"\/><\/figure>\n<\/div>\n<\/div>\n\n\n\n<p class=\"has-black-color has-text-color\" style=\"font-size:14px\">Estudio de patolog\u00edas y levantamiento del Monasterio de San Vicente de la Roqueta<\/p>\n\n\n\n<div class=\"wp-block-image\"><figure class=\"aligncenter size-large\"><img loading=\"lazy\" decoding=\"async\" width=\"770\" height=\"1024\" src=\"https:\/\/pegaso.webs.upv.es\/wp-content\/uploads\/2021\/02\/Captura-de-pantalla-2021-02-18-a-las-13.15.13-770x1024.png\" alt=\"\" class=\"wp-image-1466\"\/><\/figure><\/div>\n","protected":false},"excerpt":{"rendered":"<p>RESTAURACI\u00d3N Y PUESTA EN VALOR DEL PATRIMONIO ARQUITECT\u00d3NICO INVESTIGADOR:Francisco Hidalgo Delgado. Profesor Titular de Universidad UPV PLANTEAMIENTO:El inicio de cualquier actuaci\u00f3n en el patrimonio requiere, en mi opini\u00f3n, de dos aspectos fundamentales, el primero, la sensibilidad y el respeto al<\/p>\n","protected":false},"author":1,"featured_media":0,"parent":0,"menu_order":0,"comment_status":"closed","ping_status":"closed","template":"","meta":{"footnotes":""},"class_list":["post-1439","page","type-page","status-publish","hentry"],"yoast_head":"<!-- This site is optimized with the Yoast SEO plugin v27.4 - https:\/\/yoast.com\/product\/yoast-seo-wordpress\/ -->\n<title>RESTAURACI\u00d3N Y PUESTA EN VALOR DEL PATRIMONIO ARQUITECT\u00d3NICO - Pegaso<\/title>\n<meta name=\"robots\" content=\"index, follow, max-snippet:-1, max-image-preview:large, max-video-preview:-1\" \/>\n<link rel=\"canonical\" href=\"https:\/\/pegaso.webs.upv.es\/index.php\/restauracion-y-puesta-en-valor-del-patrimonio-arquitectonico\/\" \/>\n<meta property=\"og:locale\" content=\"es_ES\" \/>\n<meta property=\"og:type\" content=\"article\" \/>\n<meta property=\"og:title\" content=\"RESTAURACI\u00d3N Y PUESTA EN VALOR DEL PATRIMONIO ARQUITECT\u00d3NICO - Pegaso\" \/>\n<meta property=\"og:description\" content=\"RESTAURACI\u00d3N Y PUESTA EN VALOR DEL PATRIMONIO ARQUITECT\u00d3NICO INVESTIGADOR:Francisco Hidalgo Delgado. Profesor Titular de Universidad UPV PLANTEAMIENTO:El inicio de cualquier actuaci\u00f3n en el patrimonio requiere, en mi opini\u00f3n, de dos aspectos fundamentales, el primero, la sensibilidad y el respeto al\" \/>\n<meta property=\"og:url\" content=\"https:\/\/pegaso.webs.upv.es\/index.php\/restauracion-y-puesta-en-valor-del-patrimonio-arquitectonico\/\" \/>\n<meta property=\"og:site_name\" content=\"Pegaso\" \/>\n<meta property=\"article:modified_time\" content=\"2021-02-19T11:27:26+00:00\" \/>\n<meta property=\"og:image\" content=\"https:\/\/pegaso.webs.upv.es\/wp-content\/uploads\/2021\/02\/Rehabilitacion-Mercado-Central-de-Valencia.-Vista-general-de-la-cubierta-1024x374.png\" \/>\n<meta name=\"twitter:card\" content=\"summary_large_image\" \/>\n<meta name=\"twitter:label1\" content=\"Tiempo de lectura\" \/>\n\t<meta name=\"twitter:data1\" content=\"3 minutos\" \/>\n<script type=\"application\/ld+json\" class=\"yoast-schema-graph\">{\"@context\":\"https:\\\/\\\/schema.org\",\"@graph\":[{\"@type\":\"WebPage\",\"@id\":\"https:\\\/\\\/pegaso.webs.upv.es\\\/index.php\\\/restauracion-y-puesta-en-valor-del-patrimonio-arquitectonico\\\/\",\"url\":\"https:\\\/\\\/pegaso.webs.upv.es\\\/index.php\\\/restauracion-y-puesta-en-valor-del-patrimonio-arquitectonico\\\/\",\"name\":\"RESTAURACI\u00d3N Y PUESTA EN VALOR DEL PATRIMONIO ARQUITECT\u00d3NICO - Pegaso\",\"isPartOf\":{\"@id\":\"https:\\\/\\\/pegaso.webs.upv.es\\\/#website\"},\"primaryImageOfPage\":{\"@id\":\"https:\\\/\\\/pegaso.webs.upv.es\\\/index.php\\\/restauracion-y-puesta-en-valor-del-patrimonio-arquitectonico\\\/#primaryimage\"},\"image\":{\"@id\":\"https:\\\/\\\/pegaso.webs.upv.es\\\/index.php\\\/restauracion-y-puesta-en-valor-del-patrimonio-arquitectonico\\\/#primaryimage\"},\"thumbnailUrl\":\"https:\\\/\\\/pegaso.webs.upv.es\\\/wp-content\\\/uploads\\\/2021\\\/02\\\/Rehabilitacion-Mercado-Central-de-Valencia.-Vista-general-de-la-cubierta-1024x374.png\",\"datePublished\":\"2021-02-18T11:58:37+00:00\",\"dateModified\":\"2021-02-19T11:27:26+00:00\",\"breadcrumb\":{\"@id\":\"https:\\\/\\\/pegaso.webs.upv.es\\\/index.php\\\/restauracion-y-puesta-en-valor-del-patrimonio-arquitectonico\\\/#breadcrumb\"},\"inLanguage\":\"es\",\"potentialAction\":[{\"@type\":\"ReadAction\",\"target\":[\"https:\\\/\\\/pegaso.webs.upv.es\\\/index.php\\\/restauracion-y-puesta-en-valor-del-patrimonio-arquitectonico\\\/\"]}]},{\"@type\":\"ImageObject\",\"inLanguage\":\"es\",\"@id\":\"https:\\\/\\\/pegaso.webs.upv.es\\\/index.php\\\/restauracion-y-puesta-en-valor-del-patrimonio-arquitectonico\\\/#primaryimage\",\"url\":\"https:\\\/\\\/pegaso.webs.upv.es\\\/wp-content\\\/uploads\\\/2021\\\/02\\\/Rehabilitacion-Mercado-Central-de-Valencia.-Vista-general-de-la-cubierta-e1613649829458.png\",\"contentUrl\":\"https:\\\/\\\/pegaso.webs.upv.es\\\/wp-content\\\/uploads\\\/2021\\\/02\\\/Rehabilitacion-Mercado-Central-de-Valencia.-Vista-general-de-la-cubierta-e1613649829458.png\",\"width\":880,\"height\":290},{\"@type\":\"BreadcrumbList\",\"@id\":\"https:\\\/\\\/pegaso.webs.upv.es\\\/index.php\\\/restauracion-y-puesta-en-valor-del-patrimonio-arquitectonico\\\/#breadcrumb\",\"itemListElement\":[{\"@type\":\"ListItem\",\"position\":1,\"name\":\"Home\",\"item\":\"https:\\\/\\\/pegaso.webs.upv.es\\\/\"},{\"@type\":\"ListItem\",\"position\":2,\"name\":\"RESTAURACI\u00d3N Y PUESTA EN VALOR DEL PATRIMONIO ARQUITECT\u00d3NICO\"}]},{\"@type\":\"WebSite\",\"@id\":\"https:\\\/\\\/pegaso.webs.upv.es\\\/#website\",\"url\":\"https:\\\/\\\/pegaso.webs.upv.es\\\/\",\"name\":\"Pegaso\",\"description\":\"\",\"publisher\":{\"@id\":\"https:\\\/\\\/pegaso.webs.upv.es\\\/#organization\"},\"potentialAction\":[{\"@type\":\"SearchAction\",\"target\":{\"@type\":\"EntryPoint\",\"urlTemplate\":\"https:\\\/\\\/pegaso.webs.upv.es\\\/?s={search_term_string}\"},\"query-input\":{\"@type\":\"PropertyValueSpecification\",\"valueRequired\":true,\"valueName\":\"search_term_string\"}}],\"inLanguage\":\"es\"},{\"@type\":\"Organization\",\"@id\":\"https:\\\/\\\/pegaso.webs.upv.es\\\/#organization\",\"name\":\"pegaso\",\"url\":\"https:\\\/\\\/pegaso.webs.upv.es\\\/\",\"logo\":{\"@type\":\"ImageObject\",\"inLanguage\":\"es\",\"@id\":\"https:\\\/\\\/pegaso.webs.upv.es\\\/#\\\/schema\\\/logo\\\/image\\\/\",\"url\":\"https:\\\/\\\/pegaso.webs.upv.es\\\/wp-content\\\/uploads\\\/2020\\\/06\\\/cropped-logos-cabecera-scaled-1.jpg\",\"contentUrl\":\"https:\\\/\\\/pegaso.webs.upv.es\\\/wp-content\\\/uploads\\\/2020\\\/06\\\/cropped-logos-cabecera-scaled-1.jpg\",\"width\":2560,\"height\":223,\"caption\":\"pegaso\"},\"image\":{\"@id\":\"https:\\\/\\\/pegaso.webs.upv.es\\\/#\\\/schema\\\/logo\\\/image\\\/\"}}]}<\/script>\n<!-- \/ Yoast SEO plugin. -->","yoast_head_json":{"title":"RESTAURACI\u00d3N Y PUESTA EN VALOR DEL PATRIMONIO ARQUITECT\u00d3NICO - Pegaso","robots":{"index":"index","follow":"follow","max-snippet":"max-snippet:-1","max-image-preview":"max-image-preview:large","max-video-preview":"max-video-preview:-1"},"canonical":"https:\/\/pegaso.webs.upv.es\/index.php\/restauracion-y-puesta-en-valor-del-patrimonio-arquitectonico\/","og_locale":"es_ES","og_type":"article","og_title":"RESTAURACI\u00d3N Y PUESTA EN VALOR DEL PATRIMONIO ARQUITECT\u00d3NICO - Pegaso","og_description":"RESTAURACI\u00d3N Y PUESTA EN VALOR DEL PATRIMONIO ARQUITECT\u00d3NICO INVESTIGADOR:Francisco Hidalgo Delgado. Profesor Titular de Universidad UPV PLANTEAMIENTO:El inicio de cualquier actuaci\u00f3n en el patrimonio requiere, en mi opini\u00f3n, de dos aspectos fundamentales, el primero, la sensibilidad y el respeto al","og_url":"https:\/\/pegaso.webs.upv.es\/index.php\/restauracion-y-puesta-en-valor-del-patrimonio-arquitectonico\/","og_site_name":"Pegaso","article_modified_time":"2021-02-19T11:27:26+00:00","og_image":[{"url":"https:\/\/pegaso.webs.upv.es\/wp-content\/uploads\/2021\/02\/Rehabilitacion-Mercado-Central-de-Valencia.-Vista-general-de-la-cubierta-1024x374.png","type":"","width":"","height":""}],"twitter_card":"summary_large_image","twitter_misc":{"Tiempo de lectura":"3 minutos"},"schema":{"@context":"https:\/\/schema.org","@graph":[{"@type":"WebPage","@id":"https:\/\/pegaso.webs.upv.es\/index.php\/restauracion-y-puesta-en-valor-del-patrimonio-arquitectonico\/","url":"https:\/\/pegaso.webs.upv.es\/index.php\/restauracion-y-puesta-en-valor-del-patrimonio-arquitectonico\/","name":"RESTAURACI\u00d3N Y PUESTA EN VALOR DEL PATRIMONIO ARQUITECT\u00d3NICO - Pegaso","isPartOf":{"@id":"https:\/\/pegaso.webs.upv.es\/#website"},"primaryImageOfPage":{"@id":"https:\/\/pegaso.webs.upv.es\/index.php\/restauracion-y-puesta-en-valor-del-patrimonio-arquitectonico\/#primaryimage"},"image":{"@id":"https:\/\/pegaso.webs.upv.es\/index.php\/restauracion-y-puesta-en-valor-del-patrimonio-arquitectonico\/#primaryimage"},"thumbnailUrl":"https:\/\/pegaso.webs.upv.es\/wp-content\/uploads\/2021\/02\/Rehabilitacion-Mercado-Central-de-Valencia.-Vista-general-de-la-cubierta-1024x374.png","datePublished":"2021-02-18T11:58:37+00:00","dateModified":"2021-02-19T11:27:26+00:00","breadcrumb":{"@id":"https:\/\/pegaso.webs.upv.es\/index.php\/restauracion-y-puesta-en-valor-del-patrimonio-arquitectonico\/#breadcrumb"},"inLanguage":"es","potentialAction":[{"@type":"ReadAction","target":["https:\/\/pegaso.webs.upv.es\/index.php\/restauracion-y-puesta-en-valor-del-patrimonio-arquitectonico\/"]}]},{"@type":"ImageObject","inLanguage":"es","@id":"https:\/\/pegaso.webs.upv.es\/index.php\/restauracion-y-puesta-en-valor-del-patrimonio-arquitectonico\/#primaryimage","url":"https:\/\/pegaso.webs.upv.es\/wp-content\/uploads\/2021\/02\/Rehabilitacion-Mercado-Central-de-Valencia.-Vista-general-de-la-cubierta-e1613649829458.png","contentUrl":"https:\/\/pegaso.webs.upv.es\/wp-content\/uploads\/2021\/02\/Rehabilitacion-Mercado-Central-de-Valencia.-Vista-general-de-la-cubierta-e1613649829458.png","width":880,"height":290},{"@type":"BreadcrumbList","@id":"https:\/\/pegaso.webs.upv.es\/index.php\/restauracion-y-puesta-en-valor-del-patrimonio-arquitectonico\/#breadcrumb","itemListElement":[{"@type":"ListItem","position":1,"name":"Home","item":"https:\/\/pegaso.webs.upv.es\/"},{"@type":"ListItem","position":2,"name":"RESTAURACI\u00d3N Y PUESTA EN VALOR DEL PATRIMONIO ARQUITECT\u00d3NICO"}]},{"@type":"WebSite","@id":"https:\/\/pegaso.webs.upv.es\/#website","url":"https:\/\/pegaso.webs.upv.es\/","name":"Pegaso","description":"","publisher":{"@id":"https:\/\/pegaso.webs.upv.es\/#organization"},"potentialAction":[{"@type":"SearchAction","target":{"@type":"EntryPoint","urlTemplate":"https:\/\/pegaso.webs.upv.es\/?s={search_term_string}"},"query-input":{"@type":"PropertyValueSpecification","valueRequired":true,"valueName":"search_term_string"}}],"inLanguage":"es"},{"@type":"Organization","@id":"https:\/\/pegaso.webs.upv.es\/#organization","name":"pegaso","url":"https:\/\/pegaso.webs.upv.es\/","logo":{"@type":"ImageObject","inLanguage":"es","@id":"https:\/\/pegaso.webs.upv.es\/#\/schema\/logo\/image\/","url":"https:\/\/pegaso.webs.upv.es\/wp-content\/uploads\/2020\/06\/cropped-logos-cabecera-scaled-1.jpg","contentUrl":"https:\/\/pegaso.webs.upv.es\/wp-content\/uploads\/2020\/06\/cropped-logos-cabecera-scaled-1.jpg","width":2560,"height":223,"caption":"pegaso"},"image":{"@id":"https:\/\/pegaso.webs.upv.es\/#\/schema\/logo\/image\/"}}]}},"jetpack_sharing_enabled":true,"_links":{"self":[{"href":"https:\/\/pegaso.webs.upv.es\/index.php\/wp-json\/wp\/v2\/pages\/1439","targetHints":{"allow":["GET"]}}],"collection":[{"href":"https:\/\/pegaso.webs.upv.es\/index.php\/wp-json\/wp\/v2\/pages"}],"about":[{"href":"https:\/\/pegaso.webs.upv.es\/index.php\/wp-json\/wp\/v2\/types\/page"}],"author":[{"embeddable":true,"href":"https:\/\/pegaso.webs.upv.es\/index.php\/wp-json\/wp\/v2\/users\/1"}],"replies":[{"embeddable":true,"href":"https:\/\/pegaso.webs.upv.es\/index.php\/wp-json\/wp\/v2\/comments?post=1439"}],"version-history":[{"count":27,"href":"https:\/\/pegaso.webs.upv.es\/index.php\/wp-json\/wp\/v2\/pages\/1439\/revisions"}],"predecessor-version":[{"id":1508,"href":"https:\/\/pegaso.webs.upv.es\/index.php\/wp-json\/wp\/v2\/pages\/1439\/revisions\/1508"}],"wp:attachment":[{"href":"https:\/\/pegaso.webs.upv.es\/index.php\/wp-json\/wp\/v2\/media?parent=1439"}],"curies":[{"name":"wp","href":"https:\/\/api.w.org\/{rel}","templated":true}]}}