{"id":2422,"date":"2023-06-26T09:00:56","date_gmt":"2023-06-26T09:00:56","guid":{"rendered":"https:\/\/pegaso.webs.upv.es\/?page_id=2422"},"modified":"2024-07-18T09:34:15","modified_gmt":"2024-07-18T09:34:15","slug":"actividades-realizadas","status":"publish","type":"page","link":"https:\/\/pegaso.webs.upv.es\/index.php\/actividades-realizadas\/","title":{"rendered":"Actividades realizadas"},"content":{"rendered":"\n<div class=\"wp-block-media-text alignwide is-stacked-on-mobile is-vertically-aligned-center\" style=\"grid-template-columns:22% auto\"><figure class=\"wp-block-media-text__media\"><img loading=\"lazy\" decoding=\"async\" width=\"1024\" height=\"610\" src=\"https:\/\/pegaso.webs.upv.es\/wp-content\/uploads\/2024\/07\/Captura-de-pantalla-2024-07-16-a-las-13.32.03-1024x610.png\" alt=\"\" class=\"wp-image-2500 size-medium\" srcset=\"https:\/\/pegaso.webs.upv.es\/wp-content\/uploads\/2024\/07\/Captura-de-pantalla-2024-07-16-a-las-13.32.03-1024x610.png 1024w, https:\/\/pegaso.webs.upv.es\/wp-content\/uploads\/2024\/07\/Captura-de-pantalla-2024-07-16-a-las-13.32.03-300x179.png 300w, https:\/\/pegaso.webs.upv.es\/wp-content\/uploads\/2024\/07\/Captura-de-pantalla-2024-07-16-a-las-13.32.03-768x458.png 768w, https:\/\/pegaso.webs.upv.es\/wp-content\/uploads\/2024\/07\/Captura-de-pantalla-2024-07-16-a-las-13.32.03-1536x916.png 1536w, https:\/\/pegaso.webs.upv.es\/wp-content\/uploads\/2024\/07\/Captura-de-pantalla-2024-07-16-a-las-13.32.03.png 1738w\" sizes=\"auto, (max-width: 1024px) 100vw, 1024px\" \/><\/figure><div class=\"wp-block-media-text__content\">\n<p class=\"has-text-align-justify has-black-color has-text-color has-small-font-size\"><strong>II Encuentro de J\u00f3venes Investigadores.<\/strong> Caminos de la investigaci\u00f3n: TFM, Tesis, Proyectos. 11 de julio de 2024. <a href=\"https:\/\/pegaso.webs.upv.es\/wp-content\/uploads\/2024\/07\/PHOTO-2024-07-03-15-38-46-1.jpg\" target=\"_blank\" rel=\"noreferrer noopener\">Cartel<\/a><\/p>\n<\/div><\/div>\n\n\n\n<div class=\"wp-block-media-text alignwide is-stacked-on-mobile\" style=\"grid-template-columns:22% auto\"><figure class=\"wp-block-media-text__media\"><img loading=\"lazy\" decoding=\"async\" width=\"850\" height=\"365\" src=\"https:\/\/pegaso.webs.upv.es\/wp-content\/uploads\/2023\/06\/Captura-de-pantalla-2023-06-26-a-las-11.31.51.png\" alt=\"\" class=\"wp-image-2453 size-full\" srcset=\"https:\/\/pegaso.webs.upv.es\/wp-content\/uploads\/2023\/06\/Captura-de-pantalla-2023-06-26-a-las-11.31.51.png 850w, https:\/\/pegaso.webs.upv.es\/wp-content\/uploads\/2023\/06\/Captura-de-pantalla-2023-06-26-a-las-11.31.51-300x129.png 300w, https:\/\/pegaso.webs.upv.es\/wp-content\/uploads\/2023\/06\/Captura-de-pantalla-2023-06-26-a-las-11.31.51-768x330.png 768w\" sizes=\"auto, (max-width: 850px) 100vw, 850px\" \/><\/figure><div class=\"wp-block-media-text__content\">\n<p class=\"has-text-align-justify has-black-color has-text-color has-small-font-size\">Exposici\u00f3n: <strong>I+D+i Projects.<\/strong> II Jornada de Presentaci\u00f3n de Resultados de Proyectos I+D+i del Centro de Investigaci\u00f3n en Arquitectura, Patrimonio y Gesti\u00f3n para el Desarrollo Sostenible (PEGASO). 26 de junio de 2024. <a href=\"https:\/\/pegaso.webs.upv.es\/wp-content\/uploads\/2024\/07\/Creditos-2024.pdf\">Cartel<\/a><\/p>\n<\/div><\/div>\n\n\n\n<div class=\"wp-block-media-text alignwide is-stacked-on-mobile is-vertically-aligned-center\" style=\"grid-template-columns:22% auto\"><figure class=\"wp-block-media-text__media\"><img loading=\"lazy\" decoding=\"async\" width=\"1024\" height=\"565\" src=\"https:\/\/pegaso.webs.upv.es\/wp-content\/uploads\/2024\/07\/Captura-de-pantalla-2024-07-16-a-las-13.42.39-1024x565.png\" alt=\"\" class=\"wp-image-2506 size-medium\" srcset=\"https:\/\/pegaso.webs.upv.es\/wp-content\/uploads\/2024\/07\/Captura-de-pantalla-2024-07-16-a-las-13.42.39-1024x565.png 1024w, https:\/\/pegaso.webs.upv.es\/wp-content\/uploads\/2024\/07\/Captura-de-pantalla-2024-07-16-a-las-13.42.39-300x165.png 300w, https:\/\/pegaso.webs.upv.es\/wp-content\/uploads\/2024\/07\/Captura-de-pantalla-2024-07-16-a-las-13.42.39-768x424.png 768w, https:\/\/pegaso.webs.upv.es\/wp-content\/uploads\/2024\/07\/Captura-de-pantalla-2024-07-16-a-las-13.42.39-1536x847.png 1536w, https:\/\/pegaso.webs.upv.es\/wp-content\/uploads\/2024\/07\/Captura-de-pantalla-2024-07-16-a-las-13.42.39.png 1570w\" sizes=\"auto, (max-width: 1024px) 100vw, 1024px\" \/><\/figure><div class=\"wp-block-media-text__content\">\n<p class=\"has-text-align-justify has-black-color has-text-color has-small-font-size\"><strong>I+D+i Projects.<\/strong> II Jornada de Presentaci\u00f3n de Resultados de Proyectos I+D+i del Centro de Investigaci\u00f3n en Arquitectura, Patrimonio y Gesti\u00f3n para el Desarrollo Sostenible (PEGASO). 26 de junio de 2024. <a href=\"https:\/\/pegaso.webs.upv.es\/wp-content\/uploads\/2024\/07\/PEGASO-jornada-II_2024.pdf\">Cartel y programa<\/a><\/p>\n<\/div><\/div>\n\n\n\n<div class=\"wp-block-media-text alignwide is-stacked-on-mobile is-vertically-aligned-center\" style=\"grid-template-columns:22% auto\"><figure class=\"wp-block-media-text__media\"><img loading=\"lazy\" decoding=\"async\" width=\"1024\" height=\"602\" src=\"https:\/\/pegaso.webs.upv.es\/wp-content\/uploads\/2024\/07\/Captura-de-pantalla-2024-07-16-a-las-13.48.20-1024x602.png\" alt=\"\" class=\"wp-image-2511 size-medium\" srcset=\"https:\/\/pegaso.webs.upv.es\/wp-content\/uploads\/2024\/07\/Captura-de-pantalla-2024-07-16-a-las-13.48.20-1024x602.png 1024w, https:\/\/pegaso.webs.upv.es\/wp-content\/uploads\/2024\/07\/Captura-de-pantalla-2024-07-16-a-las-13.48.20-300x176.png 300w, https:\/\/pegaso.webs.upv.es\/wp-content\/uploads\/2024\/07\/Captura-de-pantalla-2024-07-16-a-las-13.48.20-768x451.png 768w, https:\/\/pegaso.webs.upv.es\/wp-content\/uploads\/2024\/07\/Captura-de-pantalla-2024-07-16-a-las-13.48.20-1536x903.png 1536w, https:\/\/pegaso.webs.upv.es\/wp-content\/uploads\/2024\/07\/Captura-de-pantalla-2024-07-16-a-las-13.48.20.png 1586w\" sizes=\"auto, (max-width: 1024px) 100vw, 1024px\" \/><\/figure><div class=\"wp-block-media-text__content\">\n<p class=\"has-text-align-justify has-black-color has-text-color has-small-font-size\"><strong>I Encuentro de J\u00f3venes Investigadores.<\/strong> Caminos de la investigaci\u00f3n: TFM, Tesis, Proyectos. 22 de mayo de 2024. <a href=\"https:\/\/pegaso.webs.upv.es\/wp-content\/uploads\/2024\/07\/PHOTO-2024-05-14-11-14-36.jpg\" target=\"_blank\" rel=\"noreferrer noopener\">Cartel<\/a><\/p>\n<\/div><\/div>\n\n\n\n<div class=\"wp-block-media-text alignwide is-stacked-on-mobile is-vertically-aligned-center\" style=\"grid-template-columns:22% auto\"><figure class=\"wp-block-media-text__media\"><img loading=\"lazy\" decoding=\"async\" width=\"1024\" height=\"461\" src=\"https:\/\/pegaso.webs.upv.es\/wp-content\/uploads\/2024\/03\/ec0d955b-8b55-4be6-9b26-ef75b9f75a6e-1024x461.jpg\" alt=\"\" class=\"wp-image-2489 size-medium\" srcset=\"https:\/\/pegaso.webs.upv.es\/wp-content\/uploads\/2024\/03\/ec0d955b-8b55-4be6-9b26-ef75b9f75a6e-1024x461.jpg 1024w, https:\/\/pegaso.webs.upv.es\/wp-content\/uploads\/2024\/03\/ec0d955b-8b55-4be6-9b26-ef75b9f75a6e-300x135.jpg 300w, https:\/\/pegaso.webs.upv.es\/wp-content\/uploads\/2024\/03\/ec0d955b-8b55-4be6-9b26-ef75b9f75a6e-768x346.jpg 768w, https:\/\/pegaso.webs.upv.es\/wp-content\/uploads\/2024\/03\/ec0d955b-8b55-4be6-9b26-ef75b9f75a6e-1536x691.jpg 1536w, https:\/\/pegaso.webs.upv.es\/wp-content\/uploads\/2024\/03\/ec0d955b-8b55-4be6-9b26-ef75b9f75a6e.jpg 1600w\" sizes=\"auto, (max-width: 1024px) 100vw, 1024px\" \/><\/figure><div class=\"wp-block-media-text__content\">\n<p class=\"has-text-align-justify has-black-color has-text-color has-small-font-size\"><strong>Conversando con Claudia Cancino.<\/strong> Senior project specialist at the Getty Conservation Institute. 26 de febrero de 2024. <a href=\"https:\/\/pegaso.webs.upv.es\/wp-content\/uploads\/2024\/03\/ec0d955b-8b55-4be6-9b26-ef75b9f75a6e.jpg\" target=\"_blank\" rel=\"noreferrer noopener\">Cartel<\/a><\/p>\n<\/div><\/div>\n\n\n\n<div class=\"wp-block-media-text alignwide is-stacked-on-mobile is-vertically-aligned-center\" style=\"grid-template-columns:22% auto\"><figure class=\"wp-block-media-text__media\"><img loading=\"lazy\" decoding=\"async\" width=\"1024\" height=\"557\" src=\"https:\/\/pegaso.webs.upv.es\/wp-content\/uploads\/2023\/06\/Captura-de-pantalla-2023-06-26-a-las-10.38.13-1-1024x557.png\" alt=\"\" class=\"wp-image-2439 size-medium\" srcset=\"https:\/\/pegaso.webs.upv.es\/wp-content\/uploads\/2023\/06\/Captura-de-pantalla-2023-06-26-a-las-10.38.13-1-1024x557.png 1024w, https:\/\/pegaso.webs.upv.es\/wp-content\/uploads\/2023\/06\/Captura-de-pantalla-2023-06-26-a-las-10.38.13-1-300x163.png 300w, https:\/\/pegaso.webs.upv.es\/wp-content\/uploads\/2023\/06\/Captura-de-pantalla-2023-06-26-a-las-10.38.13-1-768x418.png 768w, https:\/\/pegaso.webs.upv.es\/wp-content\/uploads\/2023\/06\/Captura-de-pantalla-2023-06-26-a-las-10.38.13-1-1536x836.png 1536w, https:\/\/pegaso.webs.upv.es\/wp-content\/uploads\/2023\/06\/Captura-de-pantalla-2023-06-26-a-las-10.38.13-1.png 1820w\" sizes=\"auto, (max-width: 1024px) 100vw, 1024px\" \/><\/figure><div class=\"wp-block-media-text__content\">\n<p class=\"has-text-align-justify has-black-color has-text-color has-small-font-size\"><strong>I+D+i Projects.<\/strong> I Jornada de Presentaci\u00f3n de Resultados de Proyectos I+D+i del Centro de Investigaci\u00f3n en Arquitectura, Patrimonio y Gesti\u00f3n para el Desarrollo Sostenible (PEGASO). 19 de junio de 2023. <a href=\"https:\/\/pegaso.webs.upv.es\/wp-content\/uploads\/2023\/06\/05.-JORNADA-PROYECTOS-IDi-PEGASO-2023.pdf\" target=\"_blank\" rel=\"noreferrer noopener\">Cartel y programa<\/a><\/p>\n<\/div><\/div>\n\n\n\n<div class=\"wp-block-media-text alignwide is-stacked-on-mobile\" style=\"grid-template-columns:22% auto\"><figure class=\"wp-block-media-text__media\"><img loading=\"lazy\" decoding=\"async\" width=\"850\" height=\"365\" src=\"https:\/\/pegaso.webs.upv.es\/wp-content\/uploads\/2023\/06\/Captura-de-pantalla-2023-06-26-a-las-11.31.51.png\" alt=\"\" class=\"wp-image-2453 size-full\" srcset=\"https:\/\/pegaso.webs.upv.es\/wp-content\/uploads\/2023\/06\/Captura-de-pantalla-2023-06-26-a-las-11.31.51.png 850w, https:\/\/pegaso.webs.upv.es\/wp-content\/uploads\/2023\/06\/Captura-de-pantalla-2023-06-26-a-las-11.31.51-300x129.png 300w, https:\/\/pegaso.webs.upv.es\/wp-content\/uploads\/2023\/06\/Captura-de-pantalla-2023-06-26-a-las-11.31.51-768x330.png 768w\" sizes=\"auto, (max-width: 850px) 100vw, 850px\" \/><\/figure><div class=\"wp-block-media-text__content\">\n<p class=\"has-text-align-justify has-black-color has-text-color has-small-font-size\">Exposici\u00f3n: <strong>I+D+i Projects.<\/strong> I Jornada de Presentaci\u00f3n de Resultados de Proyectos I+D+i del Centro de Investigaci\u00f3n en Arquitectura, Patrimonio y Gesti\u00f3n para el Desarrollo Sostenible (PEGASO). 19 de junio de 2023. <a href=\"https:\/\/pegaso.webs.upv.es\/wp-content\/uploads\/2023\/06\/Panel-intro.pdf\" target=\"_blank\" rel=\"noreferrer noopener\">Cartel<\/a><\/p>\n<\/div><\/div>\n\n\n\n<div class=\"wp-block-media-text alignwide is-stacked-on-mobile is-vertically-aligned-center\" style=\"grid-template-columns:22% auto\"><figure class=\"wp-block-media-text__media\"><img loading=\"lazy\" decoding=\"async\" width=\"946\" height=\"361\" src=\"https:\/\/pegaso.webs.upv.es\/wp-content\/uploads\/2023\/06\/04.-Expo-Tesis-Pegaso-5-nov-2021-copia.jpg\" alt=\"\" class=\"wp-image-2440 size-medium\" srcset=\"https:\/\/pegaso.webs.upv.es\/wp-content\/uploads\/2023\/06\/04.-Expo-Tesis-Pegaso-5-nov-2021-copia.jpg 946w, https:\/\/pegaso.webs.upv.es\/wp-content\/uploads\/2023\/06\/04.-Expo-Tesis-Pegaso-5-nov-2021-copia-300x114.jpg 300w, https:\/\/pegaso.webs.upv.es\/wp-content\/uploads\/2023\/06\/04.-Expo-Tesis-Pegaso-5-nov-2021-copia-768x293.jpg 768w\" sizes=\"auto, (max-width: 946px) 100vw, 946px\" \/><\/figure><div class=\"wp-block-media-text__content\">\n<p class=\"has-text-align-justify has-black-color has-text-color has-small-font-size\">Exposici\u00f3n: <strong>Investigando el Patrimonio Arquitect\u00f3nico.<\/strong> Tesis doctorales dirigidas por los investigadores de PEGASO. 05 de noviembre de 2021. <a href=\"https:\/\/pegaso.webs.upv.es\/wp-content\/uploads\/2023\/06\/04.-Expo-Tesis-Pegaso-5-nov-2021.jpg\" target=\"_blank\" rel=\"noreferrer noopener\">Cartel<\/a><\/p>\n<\/div><\/div>\n\n\n\n<div class=\"wp-block-media-text alignwide is-stacked-on-mobile is-vertically-aligned-center\" style=\"grid-template-columns:22% auto\"><figure class=\"wp-block-media-text__media\"><img loading=\"lazy\" decoding=\"async\" width=\"1024\" height=\"349\" src=\"https:\/\/pegaso.webs.upv.es\/wp-content\/uploads\/2023\/06\/03.-ExpoPEGASO-16-junio-2021-1024x349.jpg\" alt=\"\" class=\"wp-image-2438 size-medium\" srcset=\"https:\/\/pegaso.webs.upv.es\/wp-content\/uploads\/2023\/06\/03.-ExpoPEGASO-16-junio-2021-1024x349.jpg 1024w, https:\/\/pegaso.webs.upv.es\/wp-content\/uploads\/2023\/06\/03.-ExpoPEGASO-16-junio-2021-300x102.jpg 300w, https:\/\/pegaso.webs.upv.es\/wp-content\/uploads\/2023\/06\/03.-ExpoPEGASO-16-junio-2021-768x262.jpg 768w, https:\/\/pegaso.webs.upv.es\/wp-content\/uploads\/2023\/06\/03.-ExpoPEGASO-16-junio-2021-1536x524.jpg 1536w, https:\/\/pegaso.webs.upv.es\/wp-content\/uploads\/2023\/06\/03.-ExpoPEGASO-16-junio-2021-2048x698.jpg 2048w\" sizes=\"auto, (max-width: 1024px) 100vw, 1024px\" \/><\/figure><div class=\"wp-block-media-text__content\">\n<p class=\"has-text-align-justify has-black-color has-text-color has-small-font-size\">Exposici\u00f3n: <strong>Arquitectura, Patrimonio y Gesti\u00f3n para el Desarrollo Sostenible. <\/strong>16 de junio de 2021. <a href=\"https:\/\/pegaso.webs.upv.es\/wp-content\/uploads\/2023\/06\/03.-ExpoPEGASO-16-junio-2021.jpg\" target=\"_blank\" rel=\"noreferrer noopener\">Cartel<\/a><\/p>\n<\/div><\/div>\n","protected":false},"excerpt":{"rendered":"<p>II Encuentro de J\u00f3venes Investigadores. Caminos de la investigaci\u00f3n: TFM, Tesis, Proyectos. 11 de julio de 2024. Cartel Exposici\u00f3n: I+D+i Projects. II Jornada de Presentaci\u00f3n de Resultados de Proyectos I+D+i del Centro de Investigaci\u00f3n en Arquitectura, Patrimonio y Gesti\u00f3n para<\/p>\n","protected":false},"author":1,"featured_media":0,"parent":0,"menu_order":0,"comment_status":"closed","ping_status":"closed","template":"","meta":{"footnotes":""},"class_list":["post-2422","page","type-page","status-publish","hentry"],"yoast_head":"<!-- This site is optimized with the Yoast SEO plugin v27.5 - https:\/\/yoast.com\/product\/yoast-seo-wordpress\/ -->\n<title>Actividades realizadas - Pegaso<\/title>\n<meta name=\"robots\" content=\"index, follow, max-snippet:-1, max-image-preview:large, max-video-preview:-1\" \/>\n<link rel=\"canonical\" href=\"https:\/\/pegaso.webs.upv.es\/index.php\/actividades-realizadas\/\" \/>\n<meta property=\"og:locale\" content=\"es_ES\" \/>\n<meta property=\"og:type\" content=\"article\" \/>\n<meta property=\"og:title\" content=\"Actividades realizadas - Pegaso\" \/>\n<meta property=\"og:description\" content=\"II Encuentro de J\u00f3venes Investigadores. Caminos de la investigaci\u00f3n: TFM, Tesis, Proyectos. 11 de julio de 2024. Cartel Exposici\u00f3n: I+D+i Projects. II Jornada de Presentaci\u00f3n de Resultados de Proyectos I+D+i del Centro de Investigaci\u00f3n en Arquitectura, Patrimonio y Gesti\u00f3n para\" \/>\n<meta property=\"og:url\" content=\"https:\/\/pegaso.webs.upv.es\/index.php\/actividades-realizadas\/\" \/>\n<meta property=\"og:site_name\" content=\"Pegaso\" \/>\n<meta property=\"article:modified_time\" content=\"2024-07-18T09:34:15+00:00\" \/>\n<meta property=\"og:image\" content=\"https:\/\/pegaso.webs.upv.es\/wp-content\/uploads\/2024\/07\/Captura-de-pantalla-2024-07-16-a-las-13.32.03-1024x610.png\" \/>\n<meta name=\"twitter:card\" content=\"summary_large_image\" \/>\n<meta name=\"twitter:label1\" content=\"Tiempo de lectura\" \/>\n\t<meta name=\"twitter:data1\" content=\"3 minutos\" \/>\n<script type=\"application\/ld+json\" class=\"yoast-schema-graph\">{\"@context\":\"https:\\\/\\\/schema.org\",\"@graph\":[{\"@type\":\"WebPage\",\"@id\":\"https:\\\/\\\/pegaso.webs.upv.es\\\/index.php\\\/actividades-realizadas\\\/\",\"url\":\"https:\\\/\\\/pegaso.webs.upv.es\\\/index.php\\\/actividades-realizadas\\\/\",\"name\":\"Actividades realizadas - Pegaso\",\"isPartOf\":{\"@id\":\"https:\\\/\\\/pegaso.webs.upv.es\\\/#website\"},\"primaryImageOfPage\":{\"@id\":\"https:\\\/\\\/pegaso.webs.upv.es\\\/index.php\\\/actividades-realizadas\\\/#primaryimage\"},\"image\":{\"@id\":\"https:\\\/\\\/pegaso.webs.upv.es\\\/index.php\\\/actividades-realizadas\\\/#primaryimage\"},\"thumbnailUrl\":\"https:\\\/\\\/pegaso.webs.upv.es\\\/wp-content\\\/uploads\\\/2024\\\/07\\\/Captura-de-pantalla-2024-07-16-a-las-13.32.03-1024x610.png\",\"datePublished\":\"2023-06-26T09:00:56+00:00\",\"dateModified\":\"2024-07-18T09:34:15+00:00\",\"breadcrumb\":{\"@id\":\"https:\\\/\\\/pegaso.webs.upv.es\\\/index.php\\\/actividades-realizadas\\\/#breadcrumb\"},\"inLanguage\":\"es\",\"potentialAction\":[{\"@type\":\"ReadAction\",\"target\":[\"https:\\\/\\\/pegaso.webs.upv.es\\\/index.php\\\/actividades-realizadas\\\/\"]}]},{\"@type\":\"ImageObject\",\"inLanguage\":\"es\",\"@id\":\"https:\\\/\\\/pegaso.webs.upv.es\\\/index.php\\\/actividades-realizadas\\\/#primaryimage\",\"url\":\"https:\\\/\\\/pegaso.webs.upv.es\\\/wp-content\\\/uploads\\\/2024\\\/07\\\/Captura-de-pantalla-2024-07-16-a-las-13.32.03.png\",\"contentUrl\":\"https:\\\/\\\/pegaso.webs.upv.es\\\/wp-content\\\/uploads\\\/2024\\\/07\\\/Captura-de-pantalla-2024-07-16-a-las-13.32.03.png\",\"width\":1738,\"height\":1036},{\"@type\":\"BreadcrumbList\",\"@id\":\"https:\\\/\\\/pegaso.webs.upv.es\\\/index.php\\\/actividades-realizadas\\\/#breadcrumb\",\"itemListElement\":[{\"@type\":\"ListItem\",\"position\":1,\"name\":\"Home\",\"item\":\"https:\\\/\\\/pegaso.webs.upv.es\\\/\"},{\"@type\":\"ListItem\",\"position\":2,\"name\":\"Actividades realizadas\"}]},{\"@type\":\"WebSite\",\"@id\":\"https:\\\/\\\/pegaso.webs.upv.es\\\/#website\",\"url\":\"https:\\\/\\\/pegaso.webs.upv.es\\\/\",\"name\":\"Pegaso\",\"description\":\"\",\"publisher\":{\"@id\":\"https:\\\/\\\/pegaso.webs.upv.es\\\/#organization\"},\"potentialAction\":[{\"@type\":\"SearchAction\",\"target\":{\"@type\":\"EntryPoint\",\"urlTemplate\":\"https:\\\/\\\/pegaso.webs.upv.es\\\/?s={search_term_string}\"},\"query-input\":{\"@type\":\"PropertyValueSpecification\",\"valueRequired\":true,\"valueName\":\"search_term_string\"}}],\"inLanguage\":\"es\"},{\"@type\":\"Organization\",\"@id\":\"https:\\\/\\\/pegaso.webs.upv.es\\\/#organization\",\"name\":\"pegaso\",\"url\":\"https:\\\/\\\/pegaso.webs.upv.es\\\/\",\"logo\":{\"@type\":\"ImageObject\",\"inLanguage\":\"es\",\"@id\":\"https:\\\/\\\/pegaso.webs.upv.es\\\/#\\\/schema\\\/logo\\\/image\\\/\",\"url\":\"https:\\\/\\\/pegaso.webs.upv.es\\\/wp-content\\\/uploads\\\/2020\\\/06\\\/cropped-logos-cabecera-scaled-1.jpg\",\"contentUrl\":\"https:\\\/\\\/pegaso.webs.upv.es\\\/wp-content\\\/uploads\\\/2020\\\/06\\\/cropped-logos-cabecera-scaled-1.jpg\",\"width\":2560,\"height\":223,\"caption\":\"pegaso\"},\"image\":{\"@id\":\"https:\\\/\\\/pegaso.webs.upv.es\\\/#\\\/schema\\\/logo\\\/image\\\/\"}}]}<\/script>\n<!-- \/ Yoast SEO plugin. -->","yoast_head_json":{"title":"Actividades realizadas - Pegaso","robots":{"index":"index","follow":"follow","max-snippet":"max-snippet:-1","max-image-preview":"max-image-preview:large","max-video-preview":"max-video-preview:-1"},"canonical":"https:\/\/pegaso.webs.upv.es\/index.php\/actividades-realizadas\/","og_locale":"es_ES","og_type":"article","og_title":"Actividades realizadas - Pegaso","og_description":"II Encuentro de J\u00f3venes Investigadores. Caminos de la investigaci\u00f3n: TFM, Tesis, Proyectos. 11 de julio de 2024. Cartel Exposici\u00f3n: I+D+i Projects. II Jornada de Presentaci\u00f3n de Resultados de Proyectos I+D+i del Centro de Investigaci\u00f3n en Arquitectura, Patrimonio y Gesti\u00f3n para","og_url":"https:\/\/pegaso.webs.upv.es\/index.php\/actividades-realizadas\/","og_site_name":"Pegaso","article_modified_time":"2024-07-18T09:34:15+00:00","og_image":[{"url":"https:\/\/pegaso.webs.upv.es\/wp-content\/uploads\/2024\/07\/Captura-de-pantalla-2024-07-16-a-las-13.32.03-1024x610.png","type":"","width":"","height":""}],"twitter_card":"summary_large_image","twitter_misc":{"Tiempo de lectura":"3 minutos"},"schema":{"@context":"https:\/\/schema.org","@graph":[{"@type":"WebPage","@id":"https:\/\/pegaso.webs.upv.es\/index.php\/actividades-realizadas\/","url":"https:\/\/pegaso.webs.upv.es\/index.php\/actividades-realizadas\/","name":"Actividades realizadas - Pegaso","isPartOf":{"@id":"https:\/\/pegaso.webs.upv.es\/#website"},"primaryImageOfPage":{"@id":"https:\/\/pegaso.webs.upv.es\/index.php\/actividades-realizadas\/#primaryimage"},"image":{"@id":"https:\/\/pegaso.webs.upv.es\/index.php\/actividades-realizadas\/#primaryimage"},"thumbnailUrl":"https:\/\/pegaso.webs.upv.es\/wp-content\/uploads\/2024\/07\/Captura-de-pantalla-2024-07-16-a-las-13.32.03-1024x610.png","datePublished":"2023-06-26T09:00:56+00:00","dateModified":"2024-07-18T09:34:15+00:00","breadcrumb":{"@id":"https:\/\/pegaso.webs.upv.es\/index.php\/actividades-realizadas\/#breadcrumb"},"inLanguage":"es","potentialAction":[{"@type":"ReadAction","target":["https:\/\/pegaso.webs.upv.es\/index.php\/actividades-realizadas\/"]}]},{"@type":"ImageObject","inLanguage":"es","@id":"https:\/\/pegaso.webs.upv.es\/index.php\/actividades-realizadas\/#primaryimage","url":"https:\/\/pegaso.webs.upv.es\/wp-content\/uploads\/2024\/07\/Captura-de-pantalla-2024-07-16-a-las-13.32.03.png","contentUrl":"https:\/\/pegaso.webs.upv.es\/wp-content\/uploads\/2024\/07\/Captura-de-pantalla-2024-07-16-a-las-13.32.03.png","width":1738,"height":1036},{"@type":"BreadcrumbList","@id":"https:\/\/pegaso.webs.upv.es\/index.php\/actividades-realizadas\/#breadcrumb","itemListElement":[{"@type":"ListItem","position":1,"name":"Home","item":"https:\/\/pegaso.webs.upv.es\/"},{"@type":"ListItem","position":2,"name":"Actividades realizadas"}]},{"@type":"WebSite","@id":"https:\/\/pegaso.webs.upv.es\/#website","url":"https:\/\/pegaso.webs.upv.es\/","name":"Pegaso","description":"","publisher":{"@id":"https:\/\/pegaso.webs.upv.es\/#organization"},"potentialAction":[{"@type":"SearchAction","target":{"@type":"EntryPoint","urlTemplate":"https:\/\/pegaso.webs.upv.es\/?s={search_term_string}"},"query-input":{"@type":"PropertyValueSpecification","valueRequired":true,"valueName":"search_term_string"}}],"inLanguage":"es"},{"@type":"Organization","@id":"https:\/\/pegaso.webs.upv.es\/#organization","name":"pegaso","url":"https:\/\/pegaso.webs.upv.es\/","logo":{"@type":"ImageObject","inLanguage":"es","@id":"https:\/\/pegaso.webs.upv.es\/#\/schema\/logo\/image\/","url":"https:\/\/pegaso.webs.upv.es\/wp-content\/uploads\/2020\/06\/cropped-logos-cabecera-scaled-1.jpg","contentUrl":"https:\/\/pegaso.webs.upv.es\/wp-content\/uploads\/2020\/06\/cropped-logos-cabecera-scaled-1.jpg","width":2560,"height":223,"caption":"pegaso"},"image":{"@id":"https:\/\/pegaso.webs.upv.es\/#\/schema\/logo\/image\/"}}]}},"jetpack_sharing_enabled":true,"_links":{"self":[{"href":"https:\/\/pegaso.webs.upv.es\/index.php\/wp-json\/wp\/v2\/pages\/2422","targetHints":{"allow":["GET"]}}],"collection":[{"href":"https:\/\/pegaso.webs.upv.es\/index.php\/wp-json\/wp\/v2\/pages"}],"about":[{"href":"https:\/\/pegaso.webs.upv.es\/index.php\/wp-json\/wp\/v2\/types\/page"}],"author":[{"embeddable":true,"href":"https:\/\/pegaso.webs.upv.es\/index.php\/wp-json\/wp\/v2\/users\/1"}],"replies":[{"embeddable":true,"href":"https:\/\/pegaso.webs.upv.es\/index.php\/wp-json\/wp\/v2\/comments?post=2422"}],"version-history":[{"count":30,"href":"https:\/\/pegaso.webs.upv.es\/index.php\/wp-json\/wp\/v2\/pages\/2422\/revisions"}],"predecessor-version":[{"id":2531,"href":"https:\/\/pegaso.webs.upv.es\/index.php\/wp-json\/wp\/v2\/pages\/2422\/revisions\/2531"}],"wp:attachment":[{"href":"https:\/\/pegaso.webs.upv.es\/index.php\/wp-json\/wp\/v2\/media?parent=2422"}],"curies":[{"name":"wp","href":"https:\/\/api.w.org\/{rel}","templated":true}]}}